{"id":115,"date":"2021-08-04T22:06:46","date_gmt":"2021-08-05T01:06:46","guid":{"rendered":"https:\/\/sucasagastronomia.com.br\/agenda\/?post_type=product&#038;p=115"},"modified":"2021-11-04T12:30:49","modified_gmt":"2021-11-04T15:30:49","slug":"funcional-jejum-intermitente-low-carb","status":"publish","type":"product","link":"https:\/\/sucasagastronomia.com.br\/agenda\/produto\/funcional-jejum-intermitente-low-carb\/","title":{"rendered":"Funcional Jejum Intermitente \/ Low Carb"},"content":{"rendered":"","protected":false},"excerpt":{"rendered":"<p><span style=\"font-weight: 400\">Voc\u00ea j\u00e1 ouviu falar em Jejum Intermitente \/ Low Carb?<\/span><\/p>\n<p><span style=\"font-weight: 400\">J\u00e1 faz algum tempo que a Su Casa, al\u00e9m de ensinar as coisas mais deliciosas da vida nos mais variados tipos de cozinha, tamb\u00e9m come\u00e7ou a se importar com a sua sa\u00fade oferecendo m\u00f3dulos de cozinha funcional criados com muito cuidado e crit\u00e9rio, ensinando t\u00e9cnicas de preparo e principalmente compartilhando em aula muita informa\u00e7\u00e3o de qualidade.<\/span><\/p>\n<p><span style=\"font-weight: 400\">Se voc\u00ea quer ter uma melhor qualidade de vida, perder peso e medidas, diminuir chances de problemas card\u00edacos, de diabetes, melhorar sua capacidade cognitiva, enfim dar um up na sua sa\u00fade de uma maneira definitiva, acho que voc\u00ea n\u00e3o deveria perder essa.<\/span><\/p>\n","protected":false},"featured_media":156,"comment_status":"closed","ping_status":"closed","template":"","meta":[],"product_cat":[15],"product_tag":[],"class_list":{"0":"post-115","1":"product","2":"type-product","3":"status-publish","4":"has-post-thumbnail","6":"product_cat-sem-categoria","8":"first","9":"outofstock","10":"downloadable","11":"virtual","12":"purchasable","13":"product-type-simple"},"yoast_head":"<!-- This site is optimized with the Yoast SEO plugin v23.9 - https:\/\/yoast.com\/wordpress\/plugins\/seo\/ -->\n<title>Funcional Jejum Intermitente \/ Low Carb - Sucasa Gatronomia | Escola de Gastronomia Sem Frescura | Agenda<\/title>\n<meta name=\"robots\" content=\"index, follow, max-snippet:-1, max-image-preview:large, max-video-preview:-1\" \/>\n<link rel=\"canonical\" href=\"https:\/\/sucasagastronomia.com.br\/agenda\/produto\/funcional-jejum-intermitente-low-carb\/\" \/>\n<meta property=\"og:locale\" content=\"pt_BR\" \/>\n<meta property=\"og:type\" content=\"article\" \/>\n<meta property=\"og:title\" content=\"Funcional Jejum Intermitente \/ Low Carb - Sucasa Gatronomia | Escola de Gastronomia Sem Frescura | Agenda\" \/>\n<meta property=\"og:description\" content=\"Voc\u00ea j\u00e1 ouviu falar em Jejum Intermitente \/ Low Carb?  J\u00e1 faz algum tempo que a Su Casa, al\u00e9m de ensinar as coisas mais deliciosas da vida nos mais variados tipos de cozinha, tamb\u00e9m come\u00e7ou a se importar com a sua sa\u00fade oferecendo m\u00f3dulos de cozinha funcional criados com muito cuidado e crit\u00e9rio, ensinando t\u00e9cnicas de preparo e principalmente compartilhando em aula muita informa\u00e7\u00e3o de qualidade.  Se voc\u00ea quer ter uma melhor qualidade de vida, perder peso e medidas, diminuir chances de problemas card\u00edacos, de diabetes, melhorar sua capacidade cognitiva, enfim dar um up na sua sa\u00fade de uma maneira definitiva, acho que voc\u00ea n\u00e3o deveria perder essa.\" \/>\n<meta property=\"og:url\" content=\"https:\/\/sucasagastronomia.com.br\/agenda\/produto\/funcional-jejum-intermitente-low-carb\/\" \/>\n<meta property=\"og:site_name\" content=\"Sucasa Gatronomia | Escola de Gastronomia Sem Frescura | Agenda\" \/>\n<meta property=\"article:modified_time\" content=\"2021-11-04T15:30:49+00:00\" \/>\n<meta property=\"og:image\" content=\"https:\/\/sucasagastronomia.com.br\/agenda\/wp-content\/uploads\/2021\/08\/Jejum-Intermitente.jpg\" \/>\n\t<meta property=\"og:image:width\" content=\"720\" \/>\n\t<meta property=\"og:image:height\" content=\"1280\" \/>\n\t<meta property=\"og:image:type\" content=\"image\/jpeg\" \/>\n<meta name=\"twitter:card\" content=\"summary_large_image\" \/>\n<script type=\"application\/ld+json\" class=\"yoast-schema-graph\">{\"@context\":\"https:\/\/schema.org\",\"@graph\":[{\"@type\":\"WebPage\",\"@id\":\"https:\/\/sucasagastronomia.com.br\/agenda\/produto\/funcional-jejum-intermitente-low-carb\/\",\"url\":\"https:\/\/sucasagastronomia.com.br\/agenda\/produto\/funcional-jejum-intermitente-low-carb\/\",\"name\":\"Funcional Jejum Intermitente \/ Low Carb - Sucasa Gatronomia | Escola de Gastronomia Sem Frescura | Agenda\",\"isPartOf\":{\"@id\":\"https:\/\/sucasagastronomia.com.br\/agenda\/#website\"},\"primaryImageOfPage\":{\"@id\":\"https:\/\/sucasagastronomia.com.br\/agenda\/produto\/funcional-jejum-intermitente-low-carb\/#primaryimage\"},\"image\":{\"@id\":\"https:\/\/sucasagastronomia.com.br\/agenda\/produto\/funcional-jejum-intermitente-low-carb\/#primaryimage\"},\"thumbnailUrl\":\"https:\/\/sucasagastronomia.com.br\/agenda\/wp-content\/uploads\/2021\/08\/Jejum-Intermitente.jpg\",\"datePublished\":\"2021-08-05T01:06:46+00:00\",\"dateModified\":\"2021-11-04T15:30:49+00:00\",\"breadcrumb\":{\"@id\":\"https:\/\/sucasagastronomia.com.br\/agenda\/produto\/funcional-jejum-intermitente-low-carb\/#breadcrumb\"},\"inLanguage\":\"pt-BR\",\"potentialAction\":[{\"@type\":\"ReadAction\",\"target\":[\"https:\/\/sucasagastronomia.com.br\/agenda\/produto\/funcional-jejum-intermitente-low-carb\/\"]}]},{\"@type\":\"ImageObject\",\"inLanguage\":\"pt-BR\",\"@id\":\"https:\/\/sucasagastronomia.com.br\/agenda\/produto\/funcional-jejum-intermitente-low-carb\/#primaryimage\",\"url\":\"https:\/\/sucasagastronomia.com.br\/agenda\/wp-content\/uploads\/2021\/08\/Jejum-Intermitente.jpg\",\"contentUrl\":\"https:\/\/sucasagastronomia.com.br\/agenda\/wp-content\/uploads\/2021\/08\/Jejum-Intermitente.jpg\",\"width\":720,\"height\":1280},{\"@type\":\"BreadcrumbList\",\"@id\":\"https:\/\/sucasagastronomia.com.br\/agenda\/produto\/funcional-jejum-intermitente-low-carb\/#breadcrumb\",\"itemListElement\":[{\"@type\":\"ListItem\",\"position\":1,\"name\":\"In\u00edcio\",\"item\":\"https:\/\/sucasagastronomia.com.br\/agenda\/\"},{\"@type\":\"ListItem\",\"position\":2,\"name\":\"Loja\",\"item\":\"https:\/\/sucasagastronomia.com.br\/agenda\/loja\/\"},{\"@type\":\"ListItem\",\"position\":3,\"name\":\"Funcional Jejum Intermitente \/ Low Carb\"}]},{\"@type\":\"WebSite\",\"@id\":\"https:\/\/sucasagastronomia.com.br\/agenda\/#website\",\"url\":\"https:\/\/sucasagastronomia.com.br\/agenda\/\",\"name\":\"Sucasa Gatronomia | Escola de Gastronomia Sem Frescura | Agenda\",\"description\":\"Gastronomia\",\"publisher\":{\"@id\":\"https:\/\/sucasagastronomia.com.br\/agenda\/#organization\"},\"potentialAction\":[{\"@type\":\"SearchAction\",\"target\":{\"@type\":\"EntryPoint\",\"urlTemplate\":\"https:\/\/sucasagastronomia.com.br\/agenda\/?s={search_term_string}\"},\"query-input\":{\"@type\":\"PropertyValueSpecification\",\"valueRequired\":true,\"valueName\":\"search_term_string\"}}],\"inLanguage\":\"pt-BR\"},{\"@type\":\"Organization\",\"@id\":\"https:\/\/sucasagastronomia.com.br\/agenda\/#organization\",\"name\":\"Sucasa Gatronomia | Escola de Gastronomia Sem Frescura | Agenda\",\"url\":\"https:\/\/sucasagastronomia.com.br\/agenda\/\",\"logo\":{\"@type\":\"ImageObject\",\"inLanguage\":\"pt-BR\",\"@id\":\"https:\/\/sucasagastronomia.com.br\/agenda\/#\/schema\/logo\/image\/\",\"url\":\"https:\/\/sucasagastronomia.com.br\/agenda\/wp-content\/uploads\/2021\/07\/logo-sucasa.jpg\",\"contentUrl\":\"https:\/\/sucasagastronomia.com.br\/agenda\/wp-content\/uploads\/2021\/07\/logo-sucasa.jpg\",\"width\":417,\"height\":417,\"caption\":\"Sucasa Gatronomia | Escola de Gastronomia Sem Frescura | Agenda\"},\"image\":{\"@id\":\"https:\/\/sucasagastronomia.com.br\/agenda\/#\/schema\/logo\/image\/\"}}]}<\/script>\n<!-- \/ Yoast SEO plugin. -->","yoast_head_json":{"title":"Funcional Jejum Intermitente \/ Low Carb - Sucasa Gatronomia | Escola de Gastronomia Sem Frescura | Agenda","robots":{"index":"index","follow":"follow","max-snippet":"max-snippet:-1","max-image-preview":"max-image-preview:large","max-video-preview":"max-video-preview:-1"},"canonical":"https:\/\/sucasagastronomia.com.br\/agenda\/produto\/funcional-jejum-intermitente-low-carb\/","og_locale":"pt_BR","og_type":"article","og_title":"Funcional Jejum Intermitente \/ Low Carb - Sucasa Gatronomia | Escola de Gastronomia Sem Frescura | Agenda","og_description":"Voc\u00ea j\u00e1 ouviu falar em Jejum Intermitente \/ Low Carb?  J\u00e1 faz algum tempo que a Su Casa, al\u00e9m de ensinar as coisas mais deliciosas da vida nos mais variados tipos de cozinha, tamb\u00e9m come\u00e7ou a se importar com a sua sa\u00fade oferecendo m\u00f3dulos de cozinha funcional criados com muito cuidado e crit\u00e9rio, ensinando t\u00e9cnicas de preparo e principalmente compartilhando em aula muita informa\u00e7\u00e3o de qualidade.  Se voc\u00ea quer ter uma melhor qualidade de vida, perder peso e medidas, diminuir chances de problemas card\u00edacos, de diabetes, melhorar sua capacidade cognitiva, enfim dar um up na sua sa\u00fade de uma maneira definitiva, acho que voc\u00ea n\u00e3o deveria perder essa.","og_url":"https:\/\/sucasagastronomia.com.br\/agenda\/produto\/funcional-jejum-intermitente-low-carb\/","og_site_name":"Sucasa Gatronomia | Escola de Gastronomia Sem Frescura | Agenda","article_modified_time":"2021-11-04T15:30:49+00:00","og_image":[{"width":720,"height":1280,"url":"https:\/\/sucasagastronomia.com.br\/agenda\/wp-content\/uploads\/2021\/08\/Jejum-Intermitente.jpg","type":"image\/jpeg"}],"twitter_card":"summary_large_image","schema":{"@context":"https:\/\/schema.org","@graph":[{"@type":"WebPage","@id":"https:\/\/sucasagastronomia.com.br\/agenda\/produto\/funcional-jejum-intermitente-low-carb\/","url":"https:\/\/sucasagastronomia.com.br\/agenda\/produto\/funcional-jejum-intermitente-low-carb\/","name":"Funcional Jejum Intermitente \/ Low Carb - Sucasa Gatronomia | Escola de Gastronomia Sem Frescura | Agenda","isPartOf":{"@id":"https:\/\/sucasagastronomia.com.br\/agenda\/#website"},"primaryImageOfPage":{"@id":"https:\/\/sucasagastronomia.com.br\/agenda\/produto\/funcional-jejum-intermitente-low-carb\/#primaryimage"},"image":{"@id":"https:\/\/sucasagastronomia.com.br\/agenda\/produto\/funcional-jejum-intermitente-low-carb\/#primaryimage"},"thumbnailUrl":"https:\/\/sucasagastronomia.com.br\/agenda\/wp-content\/uploads\/2021\/08\/Jejum-Intermitente.jpg","datePublished":"2021-08-05T01:06:46+00:00","dateModified":"2021-11-04T15:30:49+00:00","breadcrumb":{"@id":"https:\/\/sucasagastronomia.com.br\/agenda\/produto\/funcional-jejum-intermitente-low-carb\/#breadcrumb"},"inLanguage":"pt-BR","potentialAction":[{"@type":"ReadAction","target":["https:\/\/sucasagastronomia.com.br\/agenda\/produto\/funcional-jejum-intermitente-low-carb\/"]}]},{"@type":"ImageObject","inLanguage":"pt-BR","@id":"https:\/\/sucasagastronomia.com.br\/agenda\/produto\/funcional-jejum-intermitente-low-carb\/#primaryimage","url":"https:\/\/sucasagastronomia.com.br\/agenda\/wp-content\/uploads\/2021\/08\/Jejum-Intermitente.jpg","contentUrl":"https:\/\/sucasagastronomia.com.br\/agenda\/wp-content\/uploads\/2021\/08\/Jejum-Intermitente.jpg","width":720,"height":1280},{"@type":"BreadcrumbList","@id":"https:\/\/sucasagastronomia.com.br\/agenda\/produto\/funcional-jejum-intermitente-low-carb\/#breadcrumb","itemListElement":[{"@type":"ListItem","position":1,"name":"In\u00edcio","item":"https:\/\/sucasagastronomia.com.br\/agenda\/"},{"@type":"ListItem","position":2,"name":"Loja","item":"https:\/\/sucasagastronomia.com.br\/agenda\/loja\/"},{"@type":"ListItem","position":3,"name":"Funcional Jejum Intermitente \/ Low Carb"}]},{"@type":"WebSite","@id":"https:\/\/sucasagastronomia.com.br\/agenda\/#website","url":"https:\/\/sucasagastronomia.com.br\/agenda\/","name":"Sucasa Gatronomia | Escola de Gastronomia Sem Frescura | Agenda","description":"Gastronomia","publisher":{"@id":"https:\/\/sucasagastronomia.com.br\/agenda\/#organization"},"potentialAction":[{"@type":"SearchAction","target":{"@type":"EntryPoint","urlTemplate":"https:\/\/sucasagastronomia.com.br\/agenda\/?s={search_term_string}"},"query-input":{"@type":"PropertyValueSpecification","valueRequired":true,"valueName":"search_term_string"}}],"inLanguage":"pt-BR"},{"@type":"Organization","@id":"https:\/\/sucasagastronomia.com.br\/agenda\/#organization","name":"Sucasa Gatronomia | Escola de Gastronomia Sem Frescura | Agenda","url":"https:\/\/sucasagastronomia.com.br\/agenda\/","logo":{"@type":"ImageObject","inLanguage":"pt-BR","@id":"https:\/\/sucasagastronomia.com.br\/agenda\/#\/schema\/logo\/image\/","url":"https:\/\/sucasagastronomia.com.br\/agenda\/wp-content\/uploads\/2021\/07\/logo-sucasa.jpg","contentUrl":"https:\/\/sucasagastronomia.com.br\/agenda\/wp-content\/uploads\/2021\/07\/logo-sucasa.jpg","width":417,"height":417,"caption":"Sucasa Gatronomia | Escola de Gastronomia Sem Frescura | Agenda"},"image":{"@id":"https:\/\/sucasagastronomia.com.br\/agenda\/#\/schema\/logo\/image\/"}}]}},"_links":{"self":[{"href":"https:\/\/sucasagastronomia.com.br\/agenda\/wp-json\/wp\/v2\/product\/115","targetHints":{"allow":["GET"]}}],"collection":[{"href":"https:\/\/sucasagastronomia.com.br\/agenda\/wp-json\/wp\/v2\/product"}],"about":[{"href":"https:\/\/sucasagastronomia.com.br\/agenda\/wp-json\/wp\/v2\/types\/product"}],"replies":[{"embeddable":true,"href":"https:\/\/sucasagastronomia.com.br\/agenda\/wp-json\/wp\/v2\/comments?post=115"}],"wp:featuredmedia":[{"embeddable":true,"href":"https:\/\/sucasagastronomia.com.br\/agenda\/wp-json\/wp\/v2\/media\/156"}],"wp:attachment":[{"href":"https:\/\/sucasagastronomia.com.br\/agenda\/wp-json\/wp\/v2\/media?parent=115"}],"wp:term":[{"taxonomy":"product_cat","embeddable":true,"href":"https:\/\/sucasagastronomia.com.br\/agenda\/wp-json\/wp\/v2\/product_cat?post=115"},{"taxonomy":"product_tag","embeddable":true,"href":"https:\/\/sucasagastronomia.com.br\/agenda\/wp-json\/wp\/v2\/product_tag?post=115"}],"curies":[{"name":"wp","href":"https:\/\/api.w.org\/{rel}","templated":true}]}}