{"id":121,"date":"2021-08-04T22:11:13","date_gmt":"2021-08-05T01:11:13","guid":{"rendered":"https:\/\/sucasagastronomia.com.br\/agenda\/?post_type=product&#038;p=121"},"modified":"2021-08-04T22:44:11","modified_gmt":"2021-08-05T01:44:11","slug":"funcional-intensivo-detox-low-carb","status":"publish","type":"product","link":"https:\/\/sucasagastronomia.com.br\/agenda\/produto\/funcional-intensivo-detox-low-carb\/","title":{"rendered":"Funcional Intensivo Detox Low Carb"},"content":{"rendered":"","protected":false},"excerpt":{"rendered":"<p><span style=\"font-weight: 400;\">Esse \u00e9 para quem deu aquela abusadinha nas f\u00e9rias ou nas festividades durante o ano e n\u00e3o sabe como eliminar as toxinas e come\u00e7ar com uma dieta Low Carb.<\/span><\/p>\n<p><span style=\"font-weight: 400;\">Nesse m\u00f3dulo de 2 dias, sim 2 dias, vamos entender mais um pouco sobre a dieta Low Carb junto com uma dieta Detox, para eliminar tudo aquilo a mais que comemos.<\/span><\/p>\n<p><span style=\"font-weight: 400;\">Venha conosco aprender mais e fazer uma quantidade de receitas de tirar o f\u00f4lego. Nesse m\u00f3dulo faremos 3 Sucos Dutox (Energizante, Diur\u00e9tico e Antioxidante), Biomassa de Banana, Molho Cremoso para Salada, Falafel com Molho de Tahine, Leite de Coco, Overnight Oats, Cracker Low Carb, Pat\u00ea Funcional de Tomate Seco, Mousse de Frutas Amarelas, Torta Salgada Cremosa Low Carb, Risoto de Quinoa com Shitake, Creme de Ab\u00f3bora com Gengibre, Trufa de Damasco com Coco, Chia Pudding com Cranberry e Hibisco e Smoothie Funcional Anti-inflamat\u00f3rio.<\/span><\/p>\n<p><span style=\"font-weight: 400;\">N\u00e3o tem como voc\u00ea ficar de fora dessa, tem???<\/span><\/p>\n","protected":false},"featured_media":149,"comment_status":"closed","ping_status":"closed","template":"","meta":[],"product_cat":[15],"product_tag":[],"class_list":{"0":"post-121","1":"product","2":"type-product","3":"status-publish","4":"has-post-thumbnail","6":"product_cat-sem-categoria","8":"first","9":"outofstock","10":"downloadable","11":"virtual","12":"purchasable","13":"product-type-simple"},"yoast_head":"<!-- This site is optimized with the Yoast SEO plugin v23.9 - https:\/\/yoast.com\/wordpress\/plugins\/seo\/ -->\n<title>Funcional Intensivo Detox Low Carb - Sucasa Gatronomia | Escola de Gastronomia Sem Frescura | Agenda<\/title>\n<meta name=\"robots\" content=\"index, follow, max-snippet:-1, max-image-preview:large, max-video-preview:-1\" \/>\n<link rel=\"canonical\" href=\"https:\/\/sucasagastronomia.com.br\/agenda\/produto\/funcional-intensivo-detox-low-carb\/\" \/>\n<meta property=\"og:locale\" content=\"pt_BR\" \/>\n<meta property=\"og:type\" content=\"article\" \/>\n<meta property=\"og:title\" content=\"Funcional Intensivo Detox Low Carb - Sucasa Gatronomia | Escola de Gastronomia Sem Frescura | Agenda\" \/>\n<meta property=\"og:description\" content=\"Esse \u00e9 para quem deu aquela abusadinha nas f\u00e9rias ou nas festividades durante o ano e n\u00e3o sabe como eliminar as toxinas e come\u00e7ar com uma dieta Low Carb.  Nesse m\u00f3dulo de 2 dias, sim 2 dias, vamos entender mais um pouco sobre a dieta Low Carb junto com uma dieta Detox, para eliminar tudo aquilo a mais que comemos.  Venha conosco aprender mais e fazer uma quantidade de receitas de tirar o f\u00f4lego. Nesse m\u00f3dulo faremos 3 Sucos Dutox (Energizante, Diur\u00e9tico e Antioxidante), Biomassa de Banana, Molho Cremoso para Salada, Falafel com Molho de Tahine, Leite de Coco, Overnight Oats, Cracker Low Carb, Pat\u00ea Funcional de Tomate Seco, Mousse de Frutas Amarelas, Torta Salgada Cremosa Low Carb, Risoto de Quinoa com Shitake, Creme de Ab\u00f3bora com Gengibre, Trufa de Damasco com Coco, Chia Pudding com Cranberry e Hibisco e Smoothie Funcional Anti-inflamat\u00f3rio.  N\u00e3o tem como voc\u00ea ficar de fora dessa, tem???\" \/>\n<meta property=\"og:url\" content=\"https:\/\/sucasagastronomia.com.br\/agenda\/produto\/funcional-intensivo-detox-low-carb\/\" \/>\n<meta property=\"og:site_name\" content=\"Sucasa Gatronomia | Escola de Gastronomia Sem Frescura | Agenda\" \/>\n<meta property=\"article:modified_time\" content=\"2021-08-05T01:44:11+00:00\" \/>\n<meta property=\"og:image\" content=\"https:\/\/sucasagastronomia.com.br\/agenda\/wp-content\/uploads\/2021\/08\/Modulo_Low_Carb.jpg\" \/>\n\t<meta property=\"og:image:width\" content=\"1920\" \/>\n\t<meta property=\"og:image:height\" content=\"1920\" \/>\n\t<meta property=\"og:image:type\" content=\"image\/jpeg\" \/>\n<meta name=\"twitter:card\" content=\"summary_large_image\" \/>\n<script type=\"application\/ld+json\" class=\"yoast-schema-graph\">{\"@context\":\"https:\/\/schema.org\",\"@graph\":[{\"@type\":\"WebPage\",\"@id\":\"https:\/\/sucasagastronomia.com.br\/agenda\/produto\/funcional-intensivo-detox-low-carb\/\",\"url\":\"https:\/\/sucasagastronomia.com.br\/agenda\/produto\/funcional-intensivo-detox-low-carb\/\",\"name\":\"Funcional Intensivo Detox Low Carb - Sucasa Gatronomia | Escola de Gastronomia Sem Frescura | Agenda\",\"isPartOf\":{\"@id\":\"https:\/\/sucasagastronomia.com.br\/agenda\/#website\"},\"primaryImageOfPage\":{\"@id\":\"https:\/\/sucasagastronomia.com.br\/agenda\/produto\/funcional-intensivo-detox-low-carb\/#primaryimage\"},\"image\":{\"@id\":\"https:\/\/sucasagastronomia.com.br\/agenda\/produto\/funcional-intensivo-detox-low-carb\/#primaryimage\"},\"thumbnailUrl\":\"https:\/\/sucasagastronomia.com.br\/agenda\/wp-content\/uploads\/2021\/08\/Modulo_Low_Carb.jpg\",\"datePublished\":\"2021-08-05T01:11:13+00:00\",\"dateModified\":\"2021-08-05T01:44:11+00:00\",\"breadcrumb\":{\"@id\":\"https:\/\/sucasagastronomia.com.br\/agenda\/produto\/funcional-intensivo-detox-low-carb\/#breadcrumb\"},\"inLanguage\":\"pt-BR\",\"potentialAction\":[{\"@type\":\"ReadAction\",\"target\":[\"https:\/\/sucasagastronomia.com.br\/agenda\/produto\/funcional-intensivo-detox-low-carb\/\"]}]},{\"@type\":\"ImageObject\",\"inLanguage\":\"pt-BR\",\"@id\":\"https:\/\/sucasagastronomia.com.br\/agenda\/produto\/funcional-intensivo-detox-low-carb\/#primaryimage\",\"url\":\"https:\/\/sucasagastronomia.com.br\/agenda\/wp-content\/uploads\/2021\/08\/Modulo_Low_Carb.jpg\",\"contentUrl\":\"https:\/\/sucasagastronomia.com.br\/agenda\/wp-content\/uploads\/2021\/08\/Modulo_Low_Carb.jpg\",\"width\":1920,\"height\":1920},{\"@type\":\"BreadcrumbList\",\"@id\":\"https:\/\/sucasagastronomia.com.br\/agenda\/produto\/funcional-intensivo-detox-low-carb\/#breadcrumb\",\"itemListElement\":[{\"@type\":\"ListItem\",\"position\":1,\"name\":\"In\u00edcio\",\"item\":\"https:\/\/sucasagastronomia.com.br\/agenda\/\"},{\"@type\":\"ListItem\",\"position\":2,\"name\":\"Loja\",\"item\":\"https:\/\/sucasagastronomia.com.br\/agenda\/loja\/\"},{\"@type\":\"ListItem\",\"position\":3,\"name\":\"Funcional Intensivo Detox Low Carb\"}]},{\"@type\":\"WebSite\",\"@id\":\"https:\/\/sucasagastronomia.com.br\/agenda\/#website\",\"url\":\"https:\/\/sucasagastronomia.com.br\/agenda\/\",\"name\":\"Sucasa Gatronomia | Escola de Gastronomia Sem Frescura | Agenda\",\"description\":\"Gastronomia\",\"publisher\":{\"@id\":\"https:\/\/sucasagastronomia.com.br\/agenda\/#organization\"},\"potentialAction\":[{\"@type\":\"SearchAction\",\"target\":{\"@type\":\"EntryPoint\",\"urlTemplate\":\"https:\/\/sucasagastronomia.com.br\/agenda\/?s={search_term_string}\"},\"query-input\":{\"@type\":\"PropertyValueSpecification\",\"valueRequired\":true,\"valueName\":\"search_term_string\"}}],\"inLanguage\":\"pt-BR\"},{\"@type\":\"Organization\",\"@id\":\"https:\/\/sucasagastronomia.com.br\/agenda\/#organization\",\"name\":\"Sucasa Gatronomia | Escola de Gastronomia Sem Frescura | Agenda\",\"url\":\"https:\/\/sucasagastronomia.com.br\/agenda\/\",\"logo\":{\"@type\":\"ImageObject\",\"inLanguage\":\"pt-BR\",\"@id\":\"https:\/\/sucasagastronomia.com.br\/agenda\/#\/schema\/logo\/image\/\",\"url\":\"https:\/\/sucasagastronomia.com.br\/agenda\/wp-content\/uploads\/2021\/07\/logo-sucasa.jpg\",\"contentUrl\":\"https:\/\/sucasagastronomia.com.br\/agenda\/wp-content\/uploads\/2021\/07\/logo-sucasa.jpg\",\"width\":417,\"height\":417,\"caption\":\"Sucasa Gatronomia | Escola de Gastronomia Sem Frescura | Agenda\"},\"image\":{\"@id\":\"https:\/\/sucasagastronomia.com.br\/agenda\/#\/schema\/logo\/image\/\"}}]}<\/script>\n<!-- \/ Yoast SEO plugin. -->","yoast_head_json":{"title":"Funcional Intensivo Detox Low Carb - Sucasa Gatronomia | Escola de Gastronomia Sem Frescura | Agenda","robots":{"index":"index","follow":"follow","max-snippet":"max-snippet:-1","max-image-preview":"max-image-preview:large","max-video-preview":"max-video-preview:-1"},"canonical":"https:\/\/sucasagastronomia.com.br\/agenda\/produto\/funcional-intensivo-detox-low-carb\/","og_locale":"pt_BR","og_type":"article","og_title":"Funcional Intensivo Detox Low Carb - Sucasa Gatronomia | Escola de Gastronomia Sem Frescura | Agenda","og_description":"Esse \u00e9 para quem deu aquela abusadinha nas f\u00e9rias ou nas festividades durante o ano e n\u00e3o sabe como eliminar as toxinas e come\u00e7ar com uma dieta Low Carb.  Nesse m\u00f3dulo de 2 dias, sim 2 dias, vamos entender mais um pouco sobre a dieta Low Carb junto com uma dieta Detox, para eliminar tudo aquilo a mais que comemos.  Venha conosco aprender mais e fazer uma quantidade de receitas de tirar o f\u00f4lego. Nesse m\u00f3dulo faremos 3 Sucos Dutox (Energizante, Diur\u00e9tico e Antioxidante), Biomassa de Banana, Molho Cremoso para Salada, Falafel com Molho de Tahine, Leite de Coco, Overnight Oats, Cracker Low Carb, Pat\u00ea Funcional de Tomate Seco, Mousse de Frutas Amarelas, Torta Salgada Cremosa Low Carb, Risoto de Quinoa com Shitake, Creme de Ab\u00f3bora com Gengibre, Trufa de Damasco com Coco, Chia Pudding com Cranberry e Hibisco e Smoothie Funcional Anti-inflamat\u00f3rio.  N\u00e3o tem como voc\u00ea ficar de fora dessa, tem???","og_url":"https:\/\/sucasagastronomia.com.br\/agenda\/produto\/funcional-intensivo-detox-low-carb\/","og_site_name":"Sucasa Gatronomia | Escola de Gastronomia Sem Frescura | Agenda","article_modified_time":"2021-08-05T01:44:11+00:00","og_image":[{"width":1920,"height":1920,"url":"https:\/\/sucasagastronomia.com.br\/agenda\/wp-content\/uploads\/2021\/08\/Modulo_Low_Carb.jpg","type":"image\/jpeg"}],"twitter_card":"summary_large_image","schema":{"@context":"https:\/\/schema.org","@graph":[{"@type":"WebPage","@id":"https:\/\/sucasagastronomia.com.br\/agenda\/produto\/funcional-intensivo-detox-low-carb\/","url":"https:\/\/sucasagastronomia.com.br\/agenda\/produto\/funcional-intensivo-detox-low-carb\/","name":"Funcional Intensivo Detox Low Carb - Sucasa Gatronomia | Escola de Gastronomia Sem Frescura | Agenda","isPartOf":{"@id":"https:\/\/sucasagastronomia.com.br\/agenda\/#website"},"primaryImageOfPage":{"@id":"https:\/\/sucasagastronomia.com.br\/agenda\/produto\/funcional-intensivo-detox-low-carb\/#primaryimage"},"image":{"@id":"https:\/\/sucasagastronomia.com.br\/agenda\/produto\/funcional-intensivo-detox-low-carb\/#primaryimage"},"thumbnailUrl":"https:\/\/sucasagastronomia.com.br\/agenda\/wp-content\/uploads\/2021\/08\/Modulo_Low_Carb.jpg","datePublished":"2021-08-05T01:11:13+00:00","dateModified":"2021-08-05T01:44:11+00:00","breadcrumb":{"@id":"https:\/\/sucasagastronomia.com.br\/agenda\/produto\/funcional-intensivo-detox-low-carb\/#breadcrumb"},"inLanguage":"pt-BR","potentialAction":[{"@type":"ReadAction","target":["https:\/\/sucasagastronomia.com.br\/agenda\/produto\/funcional-intensivo-detox-low-carb\/"]}]},{"@type":"ImageObject","inLanguage":"pt-BR","@id":"https:\/\/sucasagastronomia.com.br\/agenda\/produto\/funcional-intensivo-detox-low-carb\/#primaryimage","url":"https:\/\/sucasagastronomia.com.br\/agenda\/wp-content\/uploads\/2021\/08\/Modulo_Low_Carb.jpg","contentUrl":"https:\/\/sucasagastronomia.com.br\/agenda\/wp-content\/uploads\/2021\/08\/Modulo_Low_Carb.jpg","width":1920,"height":1920},{"@type":"BreadcrumbList","@id":"https:\/\/sucasagastronomia.com.br\/agenda\/produto\/funcional-intensivo-detox-low-carb\/#breadcrumb","itemListElement":[{"@type":"ListItem","position":1,"name":"In\u00edcio","item":"https:\/\/sucasagastronomia.com.br\/agenda\/"},{"@type":"ListItem","position":2,"name":"Loja","item":"https:\/\/sucasagastronomia.com.br\/agenda\/loja\/"},{"@type":"ListItem","position":3,"name":"Funcional Intensivo Detox Low Carb"}]},{"@type":"WebSite","@id":"https:\/\/sucasagastronomia.com.br\/agenda\/#website","url":"https:\/\/sucasagastronomia.com.br\/agenda\/","name":"Sucasa Gatronomia | Escola de Gastronomia Sem Frescura | Agenda","description":"Gastronomia","publisher":{"@id":"https:\/\/sucasagastronomia.com.br\/agenda\/#organization"},"potentialAction":[{"@type":"SearchAction","target":{"@type":"EntryPoint","urlTemplate":"https:\/\/sucasagastronomia.com.br\/agenda\/?s={search_term_string}"},"query-input":{"@type":"PropertyValueSpecification","valueRequired":true,"valueName":"search_term_string"}}],"inLanguage":"pt-BR"},{"@type":"Organization","@id":"https:\/\/sucasagastronomia.com.br\/agenda\/#organization","name":"Sucasa Gatronomia | Escola de Gastronomia Sem Frescura | Agenda","url":"https:\/\/sucasagastronomia.com.br\/agenda\/","logo":{"@type":"ImageObject","inLanguage":"pt-BR","@id":"https:\/\/sucasagastronomia.com.br\/agenda\/#\/schema\/logo\/image\/","url":"https:\/\/sucasagastronomia.com.br\/agenda\/wp-content\/uploads\/2021\/07\/logo-sucasa.jpg","contentUrl":"https:\/\/sucasagastronomia.com.br\/agenda\/wp-content\/uploads\/2021\/07\/logo-sucasa.jpg","width":417,"height":417,"caption":"Sucasa Gatronomia | Escola de Gastronomia Sem Frescura | Agenda"},"image":{"@id":"https:\/\/sucasagastronomia.com.br\/agenda\/#\/schema\/logo\/image\/"}}]}},"_links":{"self":[{"href":"https:\/\/sucasagastronomia.com.br\/agenda\/wp-json\/wp\/v2\/product\/121","targetHints":{"allow":["GET"]}}],"collection":[{"href":"https:\/\/sucasagastronomia.com.br\/agenda\/wp-json\/wp\/v2\/product"}],"about":[{"href":"https:\/\/sucasagastronomia.com.br\/agenda\/wp-json\/wp\/v2\/types\/product"}],"replies":[{"embeddable":true,"href":"https:\/\/sucasagastronomia.com.br\/agenda\/wp-json\/wp\/v2\/comments?post=121"}],"wp:featuredmedia":[{"embeddable":true,"href":"https:\/\/sucasagastronomia.com.br\/agenda\/wp-json\/wp\/v2\/media\/149"}],"wp:attachment":[{"href":"https:\/\/sucasagastronomia.com.br\/agenda\/wp-json\/wp\/v2\/media?parent=121"}],"wp:term":[{"taxonomy":"product_cat","embeddable":true,"href":"https:\/\/sucasagastronomia.com.br\/agenda\/wp-json\/wp\/v2\/product_cat?post=121"},{"taxonomy":"product_tag","embeddable":true,"href":"https:\/\/sucasagastronomia.com.br\/agenda\/wp-json\/wp\/v2\/product_tag?post=121"}],"curies":[{"name":"wp","href":"https:\/\/api.w.org\/{rel}","templated":true}]}}