{"id":1226,"date":"2024-06-20T19:23:22","date_gmt":"2024-06-20T22:23:22","guid":{"rendered":"https:\/\/sucasagastronomia.com.br\/agenda\/?post_type=product&#038;p=1226"},"modified":"2026-05-09T19:11:21","modified_gmt":"2026-05-09T22:11:21","slug":"sopas-e-cremes-3","status":"publish","type":"product","link":"https:\/\/sucasagastronomia.com.br\/agenda\/produto\/sopas-e-cremes-3\/","title":{"rendered":"Sopas e Cremes"},"content":{"rendered":"","protected":false},"excerpt":{"rendered":"<p>Neste m\u00f3dulo, passearemos por alguns tipos de coc\u00e7\u00e3o para sopas e cremes e faremos 5 de tirar o chap\u00e9u: Ervilha com Calabresa e Bacon, Batata Salsa com Alho Por\u00f3, Cenoura com Gengibre, Cogumelo com Castanha de Caju e Bisque de Camar\u00e3o.<\/p>\n<p>Uma grande chance de impressionar tudo mundo. Nunca sabemos quando pode rolar um friozinho, afinal moramos em Curitiba.<\/p>\n","protected":false},"featured_media":60,"comment_status":"closed","ping_status":"closed","template":"","meta":[],"product_cat":[15],"product_tag":[17],"class_list":{"0":"post-1226","1":"product","2":"type-product","3":"status-publish","4":"has-post-thumbnail","6":"product_cat-sem-categoria","7":"product_tag-modulo","9":"first","10":"instock","11":"downloadable","12":"virtual","13":"purchasable","14":"product-type-simple"},"yoast_head":"<!-- This site is optimized with the Yoast SEO plugin v23.9 - https:\/\/yoast.com\/wordpress\/plugins\/seo\/ -->\n<title>Sopas e Cremes - Sucasa Gatronomia | Escola de Gastronomia Sem Frescura | Agenda<\/title>\n<meta name=\"description\" content=\"Quem disse que sopas e cremes n\u00e3o s\u00e3o janta? S\u00e3o sim e vamos te provar. Voc\u00ea vai aprender prepara\u00e7\u00f5es inusitadas e deliciosas pro friozinho.\" \/>\n<meta name=\"robots\" content=\"index, follow, max-snippet:-1, max-image-preview:large, max-video-preview:-1\" \/>\n<link rel=\"canonical\" href=\"https:\/\/sucasagastronomia.com.br\/agenda\/produto\/sopas-e-cremes-3\/\" \/>\n<meta property=\"og:locale\" content=\"pt_BR\" \/>\n<meta property=\"og:type\" content=\"article\" \/>\n<meta property=\"og:title\" content=\"Sopas e Cremes - Sucasa Gatronomia | Escola de Gastronomia Sem Frescura | Agenda\" \/>\n<meta property=\"og:description\" content=\"Quem disse que sopas e cremes n\u00e3o s\u00e3o janta? S\u00e3o sim e vamos te provar. Voc\u00ea vai aprender prepara\u00e7\u00f5es inusitadas e deliciosas pro friozinho.\" \/>\n<meta property=\"og:url\" content=\"https:\/\/sucasagastronomia.com.br\/agenda\/produto\/sopas-e-cremes-3\/\" \/>\n<meta property=\"og:site_name\" content=\"Sucasa Gatronomia | Escola de Gastronomia Sem Frescura | Agenda\" \/>\n<meta property=\"article:modified_time\" content=\"2026-05-09T22:11:21+00:00\" \/>\n<meta property=\"og:image\" content=\"https:\/\/sucasagastronomia.com.br\/agenda\/wp-content\/uploads\/2021\/07\/Sopas_Veganas.png\" \/>\n\t<meta property=\"og:image:width\" content=\"800\" \/>\n\t<meta property=\"og:image:height\" content=\"800\" \/>\n\t<meta property=\"og:image:type\" content=\"image\/png\" \/>\n<meta name=\"twitter:card\" content=\"summary_large_image\" \/>\n<meta name=\"twitter:label1\" content=\"Est. tempo de leitura\" \/>\n\t<meta name=\"twitter:data1\" content=\"1 minuto\" \/>\n<script type=\"application\/ld+json\" class=\"yoast-schema-graph\">{\"@context\":\"https:\/\/schema.org\",\"@graph\":[{\"@type\":\"WebPage\",\"@id\":\"https:\/\/sucasagastronomia.com.br\/agenda\/produto\/sopas-e-cremes-3\/\",\"url\":\"https:\/\/sucasagastronomia.com.br\/agenda\/produto\/sopas-e-cremes-3\/\",\"name\":\"Sopas e Cremes - Sucasa Gatronomia | Escola de Gastronomia Sem Frescura | Agenda\",\"isPartOf\":{\"@id\":\"https:\/\/sucasagastronomia.com.br\/agenda\/#website\"},\"primaryImageOfPage\":{\"@id\":\"https:\/\/sucasagastronomia.com.br\/agenda\/produto\/sopas-e-cremes-3\/#primaryimage\"},\"image\":{\"@id\":\"https:\/\/sucasagastronomia.com.br\/agenda\/produto\/sopas-e-cremes-3\/#primaryimage\"},\"thumbnailUrl\":\"https:\/\/sucasagastronomia.com.br\/agenda\/wp-content\/uploads\/2021\/07\/Sopas_Veganas.png\",\"datePublished\":\"2024-06-20T22:23:22+00:00\",\"dateModified\":\"2026-05-09T22:11:21+00:00\",\"description\":\"Quem disse que sopas e cremes n\u00e3o s\u00e3o janta? S\u00e3o sim e vamos te provar. Voc\u00ea vai aprender prepara\u00e7\u00f5es inusitadas e deliciosas pro friozinho.\",\"breadcrumb\":{\"@id\":\"https:\/\/sucasagastronomia.com.br\/agenda\/produto\/sopas-e-cremes-3\/#breadcrumb\"},\"inLanguage\":\"pt-BR\",\"potentialAction\":[{\"@type\":\"ReadAction\",\"target\":[\"https:\/\/sucasagastronomia.com.br\/agenda\/produto\/sopas-e-cremes-3\/\"]}]},{\"@type\":\"ImageObject\",\"inLanguage\":\"pt-BR\",\"@id\":\"https:\/\/sucasagastronomia.com.br\/agenda\/produto\/sopas-e-cremes-3\/#primaryimage\",\"url\":\"https:\/\/sucasagastronomia.com.br\/agenda\/wp-content\/uploads\/2021\/07\/Sopas_Veganas.png\",\"contentUrl\":\"https:\/\/sucasagastronomia.com.br\/agenda\/wp-content\/uploads\/2021\/07\/Sopas_Veganas.png\",\"width\":800,\"height\":800},{\"@type\":\"BreadcrumbList\",\"@id\":\"https:\/\/sucasagastronomia.com.br\/agenda\/produto\/sopas-e-cremes-3\/#breadcrumb\",\"itemListElement\":[{\"@type\":\"ListItem\",\"position\":1,\"name\":\"In\u00edcio\",\"item\":\"https:\/\/sucasagastronomia.com.br\/agenda\/\"},{\"@type\":\"ListItem\",\"position\":2,\"name\":\"Loja\",\"item\":\"https:\/\/sucasagastronomia.com.br\/agenda\/loja\/\"},{\"@type\":\"ListItem\",\"position\":3,\"name\":\"Sopas e Cremes\"}]},{\"@type\":\"WebSite\",\"@id\":\"https:\/\/sucasagastronomia.com.br\/agenda\/#website\",\"url\":\"https:\/\/sucasagastronomia.com.br\/agenda\/\",\"name\":\"Sucasa Gatronomia | Escola de Gastronomia Sem Frescura | Agenda\",\"description\":\"Gastronomia\",\"publisher\":{\"@id\":\"https:\/\/sucasagastronomia.com.br\/agenda\/#organization\"},\"potentialAction\":[{\"@type\":\"SearchAction\",\"target\":{\"@type\":\"EntryPoint\",\"urlTemplate\":\"https:\/\/sucasagastronomia.com.br\/agenda\/?s={search_term_string}\"},\"query-input\":{\"@type\":\"PropertyValueSpecification\",\"valueRequired\":true,\"valueName\":\"search_term_string\"}}],\"inLanguage\":\"pt-BR\"},{\"@type\":\"Organization\",\"@id\":\"https:\/\/sucasagastronomia.com.br\/agenda\/#organization\",\"name\":\"Sucasa Gatronomia | Escola de Gastronomia Sem Frescura | Agenda\",\"url\":\"https:\/\/sucasagastronomia.com.br\/agenda\/\",\"logo\":{\"@type\":\"ImageObject\",\"inLanguage\":\"pt-BR\",\"@id\":\"https:\/\/sucasagastronomia.com.br\/agenda\/#\/schema\/logo\/image\/\",\"url\":\"https:\/\/sucasagastronomia.com.br\/agenda\/wp-content\/uploads\/2021\/07\/logo-sucasa.jpg\",\"contentUrl\":\"https:\/\/sucasagastronomia.com.br\/agenda\/wp-content\/uploads\/2021\/07\/logo-sucasa.jpg\",\"width\":417,\"height\":417,\"caption\":\"Sucasa Gatronomia | Escola de Gastronomia Sem Frescura | Agenda\"},\"image\":{\"@id\":\"https:\/\/sucasagastronomia.com.br\/agenda\/#\/schema\/logo\/image\/\"}}]}<\/script>\n<!-- \/ Yoast SEO plugin. -->","yoast_head_json":{"title":"Sopas e Cremes - Sucasa Gatronomia | Escola de Gastronomia Sem Frescura | Agenda","description":"Quem disse que sopas e cremes n\u00e3o s\u00e3o janta? S\u00e3o sim e vamos te provar. Voc\u00ea vai aprender prepara\u00e7\u00f5es inusitadas e deliciosas pro friozinho.","robots":{"index":"index","follow":"follow","max-snippet":"max-snippet:-1","max-image-preview":"max-image-preview:large","max-video-preview":"max-video-preview:-1"},"canonical":"https:\/\/sucasagastronomia.com.br\/agenda\/produto\/sopas-e-cremes-3\/","og_locale":"pt_BR","og_type":"article","og_title":"Sopas e Cremes - Sucasa Gatronomia | Escola de Gastronomia Sem Frescura | Agenda","og_description":"Quem disse que sopas e cremes n\u00e3o s\u00e3o janta? S\u00e3o sim e vamos te provar. Voc\u00ea vai aprender prepara\u00e7\u00f5es inusitadas e deliciosas pro friozinho.","og_url":"https:\/\/sucasagastronomia.com.br\/agenda\/produto\/sopas-e-cremes-3\/","og_site_name":"Sucasa Gatronomia | Escola de Gastronomia Sem Frescura | Agenda","article_modified_time":"2026-05-09T22:11:21+00:00","og_image":[{"width":800,"height":800,"url":"https:\/\/sucasagastronomia.com.br\/agenda\/wp-content\/uploads\/2021\/07\/Sopas_Veganas.png","type":"image\/png"}],"twitter_card":"summary_large_image","twitter_misc":{"Est. tempo de leitura":"1 minuto"},"schema":{"@context":"https:\/\/schema.org","@graph":[{"@type":"WebPage","@id":"https:\/\/sucasagastronomia.com.br\/agenda\/produto\/sopas-e-cremes-3\/","url":"https:\/\/sucasagastronomia.com.br\/agenda\/produto\/sopas-e-cremes-3\/","name":"Sopas e Cremes - Sucasa Gatronomia | Escola de Gastronomia Sem Frescura | Agenda","isPartOf":{"@id":"https:\/\/sucasagastronomia.com.br\/agenda\/#website"},"primaryImageOfPage":{"@id":"https:\/\/sucasagastronomia.com.br\/agenda\/produto\/sopas-e-cremes-3\/#primaryimage"},"image":{"@id":"https:\/\/sucasagastronomia.com.br\/agenda\/produto\/sopas-e-cremes-3\/#primaryimage"},"thumbnailUrl":"https:\/\/sucasagastronomia.com.br\/agenda\/wp-content\/uploads\/2021\/07\/Sopas_Veganas.png","datePublished":"2024-06-20T22:23:22+00:00","dateModified":"2026-05-09T22:11:21+00:00","description":"Quem disse que sopas e cremes n\u00e3o s\u00e3o janta? S\u00e3o sim e vamos te provar. Voc\u00ea vai aprender prepara\u00e7\u00f5es inusitadas e deliciosas pro friozinho.","breadcrumb":{"@id":"https:\/\/sucasagastronomia.com.br\/agenda\/produto\/sopas-e-cremes-3\/#breadcrumb"},"inLanguage":"pt-BR","potentialAction":[{"@type":"ReadAction","target":["https:\/\/sucasagastronomia.com.br\/agenda\/produto\/sopas-e-cremes-3\/"]}]},{"@type":"ImageObject","inLanguage":"pt-BR","@id":"https:\/\/sucasagastronomia.com.br\/agenda\/produto\/sopas-e-cremes-3\/#primaryimage","url":"https:\/\/sucasagastronomia.com.br\/agenda\/wp-content\/uploads\/2021\/07\/Sopas_Veganas.png","contentUrl":"https:\/\/sucasagastronomia.com.br\/agenda\/wp-content\/uploads\/2021\/07\/Sopas_Veganas.png","width":800,"height":800},{"@type":"BreadcrumbList","@id":"https:\/\/sucasagastronomia.com.br\/agenda\/produto\/sopas-e-cremes-3\/#breadcrumb","itemListElement":[{"@type":"ListItem","position":1,"name":"In\u00edcio","item":"https:\/\/sucasagastronomia.com.br\/agenda\/"},{"@type":"ListItem","position":2,"name":"Loja","item":"https:\/\/sucasagastronomia.com.br\/agenda\/loja\/"},{"@type":"ListItem","position":3,"name":"Sopas e Cremes"}]},{"@type":"WebSite","@id":"https:\/\/sucasagastronomia.com.br\/agenda\/#website","url":"https:\/\/sucasagastronomia.com.br\/agenda\/","name":"Sucasa Gatronomia | Escola de Gastronomia Sem Frescura | Agenda","description":"Gastronomia","publisher":{"@id":"https:\/\/sucasagastronomia.com.br\/agenda\/#organization"},"potentialAction":[{"@type":"SearchAction","target":{"@type":"EntryPoint","urlTemplate":"https:\/\/sucasagastronomia.com.br\/agenda\/?s={search_term_string}"},"query-input":{"@type":"PropertyValueSpecification","valueRequired":true,"valueName":"search_term_string"}}],"inLanguage":"pt-BR"},{"@type":"Organization","@id":"https:\/\/sucasagastronomia.com.br\/agenda\/#organization","name":"Sucasa Gatronomia | Escola de Gastronomia Sem Frescura | Agenda","url":"https:\/\/sucasagastronomia.com.br\/agenda\/","logo":{"@type":"ImageObject","inLanguage":"pt-BR","@id":"https:\/\/sucasagastronomia.com.br\/agenda\/#\/schema\/logo\/image\/","url":"https:\/\/sucasagastronomia.com.br\/agenda\/wp-content\/uploads\/2021\/07\/logo-sucasa.jpg","contentUrl":"https:\/\/sucasagastronomia.com.br\/agenda\/wp-content\/uploads\/2021\/07\/logo-sucasa.jpg","width":417,"height":417,"caption":"Sucasa Gatronomia | Escola de Gastronomia Sem Frescura | Agenda"},"image":{"@id":"https:\/\/sucasagastronomia.com.br\/agenda\/#\/schema\/logo\/image\/"}}]}},"_links":{"self":[{"href":"https:\/\/sucasagastronomia.com.br\/agenda\/wp-json\/wp\/v2\/product\/1226","targetHints":{"allow":["GET"]}}],"collection":[{"href":"https:\/\/sucasagastronomia.com.br\/agenda\/wp-json\/wp\/v2\/product"}],"about":[{"href":"https:\/\/sucasagastronomia.com.br\/agenda\/wp-json\/wp\/v2\/types\/product"}],"replies":[{"embeddable":true,"href":"https:\/\/sucasagastronomia.com.br\/agenda\/wp-json\/wp\/v2\/comments?post=1226"}],"wp:featuredmedia":[{"embeddable":true,"href":"https:\/\/sucasagastronomia.com.br\/agenda\/wp-json\/wp\/v2\/media\/60"}],"wp:attachment":[{"href":"https:\/\/sucasagastronomia.com.br\/agenda\/wp-json\/wp\/v2\/media?parent=1226"}],"wp:term":[{"taxonomy":"product_cat","embeddable":true,"href":"https:\/\/sucasagastronomia.com.br\/agenda\/wp-json\/wp\/v2\/product_cat?post=1226"},{"taxonomy":"product_tag","embeddable":true,"href":"https:\/\/sucasagastronomia.com.br\/agenda\/wp-json\/wp\/v2\/product_tag?post=1226"}],"curies":[{"name":"wp","href":"https:\/\/api.w.org\/{rel}","templated":true}]}}