{"id":1298,"date":"2024-09-23T14:26:27","date_gmt":"2024-09-23T17:26:27","guid":{"rendered":"https:\/\/sucasagastronomia.com.br\/agenda\/?post_type=product&#038;p=1298"},"modified":"2026-03-02T13:37:56","modified_gmt":"2026-03-02T16:37:56","slug":"su-casa-em-brasa-fogo-de-chao-workshop-bni","status":"publish","type":"product","link":"https:\/\/sucasagastronomia.com.br\/agenda\/produto\/su-casa-em-brasa-fogo-de-chao-workshop-bni\/","title":{"rendered":"Su Casa em Brasa &#8211; ESTA\u00c7\u00c3O DE CHURRASCO"},"content":{"rendered":"","protected":false},"excerpt":{"rendered":"<p><strong>FOGO DE CH\u00c3O<\/strong><\/p>\n<p><strong>\u00a0<\/strong><\/p>\n<p><strong>Dia 21 de mar\u00e7o \u00e0s 11 horas<\/strong><\/p>\n<p><strong>\u00a0<\/strong><\/p>\n<p><strong>Que tal dominar o preparo daquela Costela Fogo de Ch\u00e3o que desmancha. Se sentir na ro\u00e7a com preparos campeiros. Tamb\u00e9m vamos aprender v\u00e1rios complementos como varal de legumes, choripan, arroz valdoso. Vamos vender uma cerveja pra acompanhar, mas pode trazer a sua cervejinha preferida a vontade.<\/strong><\/p>\n<p>&nbsp;<\/p>\n","protected":false},"featured_media":846,"comment_status":"closed","ping_status":"closed","template":"","meta":[],"product_cat":[15],"product_tag":[],"class_list":{"0":"post-1298","1":"product","2":"type-product","3":"status-publish","4":"has-post-thumbnail","6":"product_cat-sem-categoria","8":"first","9":"instock","10":"shipping-taxable","11":"purchasable","12":"product-type-simple"},"yoast_head":"<!-- This site is optimized with the Yoast SEO plugin v23.9 - https:\/\/yoast.com\/wordpress\/plugins\/seo\/ -->\n<title>Su Casa em Brasa - ESTA\u00c7\u00c3O DE CHURRASCO - Sucasa Gatronomia | Escola de Gastronomia Sem Frescura | Agenda<\/title>\n<meta name=\"description\" content=\"Montar e assar fogo de ch\u00e3o \u00e9 uma arte que vai ser sua especialidade. Vire um mestre na prepara\u00e7\u00e3o dessa que \u00e9 a p\u00f3s gradua\u00e7\u00e3o da brasa.\" \/>\n<meta name=\"robots\" content=\"index, follow, max-snippet:-1, max-image-preview:large, max-video-preview:-1\" \/>\n<link rel=\"canonical\" href=\"https:\/\/sucasagastronomia.com.br\/agenda\/produto\/su-casa-em-brasa-fogo-de-chao-workshop-bni\/\" \/>\n<meta property=\"og:locale\" content=\"pt_BR\" \/>\n<meta property=\"og:type\" content=\"article\" \/>\n<meta property=\"og:title\" content=\"Su Casa em Brasa - ESTA\u00c7\u00c3O DE CHURRASCO - Sucasa Gatronomia | Escola de Gastronomia Sem Frescura | Agenda\" \/>\n<meta property=\"og:description\" content=\"Montar e assar fogo de ch\u00e3o \u00e9 uma arte que vai ser sua especialidade. Vire um mestre na prepara\u00e7\u00e3o dessa que \u00e9 a p\u00f3s gradua\u00e7\u00e3o da brasa.\" \/>\n<meta property=\"og:url\" content=\"https:\/\/sucasagastronomia.com.br\/agenda\/produto\/su-casa-em-brasa-fogo-de-chao-workshop-bni\/\" \/>\n<meta property=\"og:site_name\" content=\"Sucasa Gatronomia | Escola de Gastronomia Sem Frescura | Agenda\" \/>\n<meta property=\"article:modified_time\" content=\"2026-03-02T16:37:56+00:00\" \/>\n<meta property=\"og:image\" content=\"https:\/\/sucasagastronomia.com.br\/agenda\/wp-content\/uploads\/2023\/07\/WhatsApp-Image-2023-07-17-at-15.21.34.jpeg\" \/>\n\t<meta property=\"og:image:width\" content=\"1511\" \/>\n\t<meta property=\"og:image:height\" content=\"1511\" \/>\n\t<meta property=\"og:image:type\" content=\"image\/jpeg\" \/>\n<meta name=\"twitter:card\" content=\"summary_large_image\" \/>\n<meta name=\"twitter:label1\" content=\"Est. tempo de leitura\" \/>\n\t<meta name=\"twitter:data1\" content=\"1 minuto\" \/>\n<script type=\"application\/ld+json\" class=\"yoast-schema-graph\">{\"@context\":\"https:\/\/schema.org\",\"@graph\":[{\"@type\":\"WebPage\",\"@id\":\"https:\/\/sucasagastronomia.com.br\/agenda\/produto\/su-casa-em-brasa-fogo-de-chao-workshop-bni\/\",\"url\":\"https:\/\/sucasagastronomia.com.br\/agenda\/produto\/su-casa-em-brasa-fogo-de-chao-workshop-bni\/\",\"name\":\"Su Casa em Brasa - ESTA\u00c7\u00c3O DE CHURRASCO - Sucasa Gatronomia | Escola de Gastronomia Sem Frescura | Agenda\",\"isPartOf\":{\"@id\":\"https:\/\/sucasagastronomia.com.br\/agenda\/#website\"},\"primaryImageOfPage\":{\"@id\":\"https:\/\/sucasagastronomia.com.br\/agenda\/produto\/su-casa-em-brasa-fogo-de-chao-workshop-bni\/#primaryimage\"},\"image\":{\"@id\":\"https:\/\/sucasagastronomia.com.br\/agenda\/produto\/su-casa-em-brasa-fogo-de-chao-workshop-bni\/#primaryimage\"},\"thumbnailUrl\":\"https:\/\/sucasagastronomia.com.br\/agenda\/wp-content\/uploads\/2023\/07\/WhatsApp-Image-2023-07-17-at-15.21.34.jpeg\",\"datePublished\":\"2024-09-23T17:26:27+00:00\",\"dateModified\":\"2026-03-02T16:37:56+00:00\",\"description\":\"Montar e assar fogo de ch\u00e3o \u00e9 uma arte que vai ser sua especialidade. Vire um mestre na prepara\u00e7\u00e3o dessa que \u00e9 a p\u00f3s gradua\u00e7\u00e3o da brasa.\",\"breadcrumb\":{\"@id\":\"https:\/\/sucasagastronomia.com.br\/agenda\/produto\/su-casa-em-brasa-fogo-de-chao-workshop-bni\/#breadcrumb\"},\"inLanguage\":\"pt-BR\",\"potentialAction\":[{\"@type\":\"ReadAction\",\"target\":[\"https:\/\/sucasagastronomia.com.br\/agenda\/produto\/su-casa-em-brasa-fogo-de-chao-workshop-bni\/\"]}]},{\"@type\":\"ImageObject\",\"inLanguage\":\"pt-BR\",\"@id\":\"https:\/\/sucasagastronomia.com.br\/agenda\/produto\/su-casa-em-brasa-fogo-de-chao-workshop-bni\/#primaryimage\",\"url\":\"https:\/\/sucasagastronomia.com.br\/agenda\/wp-content\/uploads\/2023\/07\/WhatsApp-Image-2023-07-17-at-15.21.34.jpeg\",\"contentUrl\":\"https:\/\/sucasagastronomia.com.br\/agenda\/wp-content\/uploads\/2023\/07\/WhatsApp-Image-2023-07-17-at-15.21.34.jpeg\",\"width\":1511,\"height\":1511},{\"@type\":\"BreadcrumbList\",\"@id\":\"https:\/\/sucasagastronomia.com.br\/agenda\/produto\/su-casa-em-brasa-fogo-de-chao-workshop-bni\/#breadcrumb\",\"itemListElement\":[{\"@type\":\"ListItem\",\"position\":1,\"name\":\"In\u00edcio\",\"item\":\"https:\/\/sucasagastronomia.com.br\/agenda\/\"},{\"@type\":\"ListItem\",\"position\":2,\"name\":\"Loja\",\"item\":\"https:\/\/sucasagastronomia.com.br\/agenda\/loja\/\"},{\"@type\":\"ListItem\",\"position\":3,\"name\":\"Su Casa em Brasa &#8211; ESTA\u00c7\u00c3O DE CHURRASCO\"}]},{\"@type\":\"WebSite\",\"@id\":\"https:\/\/sucasagastronomia.com.br\/agenda\/#website\",\"url\":\"https:\/\/sucasagastronomia.com.br\/agenda\/\",\"name\":\"Sucasa Gatronomia | Escola de Gastronomia Sem Frescura | Agenda\",\"description\":\"Gastronomia\",\"publisher\":{\"@id\":\"https:\/\/sucasagastronomia.com.br\/agenda\/#organization\"},\"potentialAction\":[{\"@type\":\"SearchAction\",\"target\":{\"@type\":\"EntryPoint\",\"urlTemplate\":\"https:\/\/sucasagastronomia.com.br\/agenda\/?s={search_term_string}\"},\"query-input\":{\"@type\":\"PropertyValueSpecification\",\"valueRequired\":true,\"valueName\":\"search_term_string\"}}],\"inLanguage\":\"pt-BR\"},{\"@type\":\"Organization\",\"@id\":\"https:\/\/sucasagastronomia.com.br\/agenda\/#organization\",\"name\":\"Sucasa Gatronomia | Escola de Gastronomia Sem Frescura | Agenda\",\"url\":\"https:\/\/sucasagastronomia.com.br\/agenda\/\",\"logo\":{\"@type\":\"ImageObject\",\"inLanguage\":\"pt-BR\",\"@id\":\"https:\/\/sucasagastronomia.com.br\/agenda\/#\/schema\/logo\/image\/\",\"url\":\"https:\/\/sucasagastronomia.com.br\/agenda\/wp-content\/uploads\/2021\/07\/logo-sucasa.jpg\",\"contentUrl\":\"https:\/\/sucasagastronomia.com.br\/agenda\/wp-content\/uploads\/2021\/07\/logo-sucasa.jpg\",\"width\":417,\"height\":417,\"caption\":\"Sucasa Gatronomia | Escola de Gastronomia Sem Frescura | Agenda\"},\"image\":{\"@id\":\"https:\/\/sucasagastronomia.com.br\/agenda\/#\/schema\/logo\/image\/\"}}]}<\/script>\n<!-- \/ Yoast SEO plugin. -->","yoast_head_json":{"title":"Su Casa em Brasa - ESTA\u00c7\u00c3O DE CHURRASCO - Sucasa Gatronomia | Escola de Gastronomia Sem Frescura | Agenda","description":"Montar e assar fogo de ch\u00e3o \u00e9 uma arte que vai ser sua especialidade. Vire um mestre na prepara\u00e7\u00e3o dessa que \u00e9 a p\u00f3s gradua\u00e7\u00e3o da brasa.","robots":{"index":"index","follow":"follow","max-snippet":"max-snippet:-1","max-image-preview":"max-image-preview:large","max-video-preview":"max-video-preview:-1"},"canonical":"https:\/\/sucasagastronomia.com.br\/agenda\/produto\/su-casa-em-brasa-fogo-de-chao-workshop-bni\/","og_locale":"pt_BR","og_type":"article","og_title":"Su Casa em Brasa - ESTA\u00c7\u00c3O DE CHURRASCO - Sucasa Gatronomia | Escola de Gastronomia Sem Frescura | Agenda","og_description":"Montar e assar fogo de ch\u00e3o \u00e9 uma arte que vai ser sua especialidade. Vire um mestre na prepara\u00e7\u00e3o dessa que \u00e9 a p\u00f3s gradua\u00e7\u00e3o da brasa.","og_url":"https:\/\/sucasagastronomia.com.br\/agenda\/produto\/su-casa-em-brasa-fogo-de-chao-workshop-bni\/","og_site_name":"Sucasa Gatronomia | Escola de Gastronomia Sem Frescura | Agenda","article_modified_time":"2026-03-02T16:37:56+00:00","og_image":[{"width":1511,"height":1511,"url":"https:\/\/sucasagastronomia.com.br\/agenda\/wp-content\/uploads\/2023\/07\/WhatsApp-Image-2023-07-17-at-15.21.34.jpeg","type":"image\/jpeg"}],"twitter_card":"summary_large_image","twitter_misc":{"Est. tempo de leitura":"1 minuto"},"schema":{"@context":"https:\/\/schema.org","@graph":[{"@type":"WebPage","@id":"https:\/\/sucasagastronomia.com.br\/agenda\/produto\/su-casa-em-brasa-fogo-de-chao-workshop-bni\/","url":"https:\/\/sucasagastronomia.com.br\/agenda\/produto\/su-casa-em-brasa-fogo-de-chao-workshop-bni\/","name":"Su Casa em Brasa - ESTA\u00c7\u00c3O DE CHURRASCO - Sucasa Gatronomia | Escola de Gastronomia Sem Frescura | Agenda","isPartOf":{"@id":"https:\/\/sucasagastronomia.com.br\/agenda\/#website"},"primaryImageOfPage":{"@id":"https:\/\/sucasagastronomia.com.br\/agenda\/produto\/su-casa-em-brasa-fogo-de-chao-workshop-bni\/#primaryimage"},"image":{"@id":"https:\/\/sucasagastronomia.com.br\/agenda\/produto\/su-casa-em-brasa-fogo-de-chao-workshop-bni\/#primaryimage"},"thumbnailUrl":"https:\/\/sucasagastronomia.com.br\/agenda\/wp-content\/uploads\/2023\/07\/WhatsApp-Image-2023-07-17-at-15.21.34.jpeg","datePublished":"2024-09-23T17:26:27+00:00","dateModified":"2026-03-02T16:37:56+00:00","description":"Montar e assar fogo de ch\u00e3o \u00e9 uma arte que vai ser sua especialidade. Vire um mestre na prepara\u00e7\u00e3o dessa que \u00e9 a p\u00f3s gradua\u00e7\u00e3o da brasa.","breadcrumb":{"@id":"https:\/\/sucasagastronomia.com.br\/agenda\/produto\/su-casa-em-brasa-fogo-de-chao-workshop-bni\/#breadcrumb"},"inLanguage":"pt-BR","potentialAction":[{"@type":"ReadAction","target":["https:\/\/sucasagastronomia.com.br\/agenda\/produto\/su-casa-em-brasa-fogo-de-chao-workshop-bni\/"]}]},{"@type":"ImageObject","inLanguage":"pt-BR","@id":"https:\/\/sucasagastronomia.com.br\/agenda\/produto\/su-casa-em-brasa-fogo-de-chao-workshop-bni\/#primaryimage","url":"https:\/\/sucasagastronomia.com.br\/agenda\/wp-content\/uploads\/2023\/07\/WhatsApp-Image-2023-07-17-at-15.21.34.jpeg","contentUrl":"https:\/\/sucasagastronomia.com.br\/agenda\/wp-content\/uploads\/2023\/07\/WhatsApp-Image-2023-07-17-at-15.21.34.jpeg","width":1511,"height":1511},{"@type":"BreadcrumbList","@id":"https:\/\/sucasagastronomia.com.br\/agenda\/produto\/su-casa-em-brasa-fogo-de-chao-workshop-bni\/#breadcrumb","itemListElement":[{"@type":"ListItem","position":1,"name":"In\u00edcio","item":"https:\/\/sucasagastronomia.com.br\/agenda\/"},{"@type":"ListItem","position":2,"name":"Loja","item":"https:\/\/sucasagastronomia.com.br\/agenda\/loja\/"},{"@type":"ListItem","position":3,"name":"Su Casa em Brasa &#8211; ESTA\u00c7\u00c3O DE CHURRASCO"}]},{"@type":"WebSite","@id":"https:\/\/sucasagastronomia.com.br\/agenda\/#website","url":"https:\/\/sucasagastronomia.com.br\/agenda\/","name":"Sucasa Gatronomia | Escola de Gastronomia Sem Frescura | Agenda","description":"Gastronomia","publisher":{"@id":"https:\/\/sucasagastronomia.com.br\/agenda\/#organization"},"potentialAction":[{"@type":"SearchAction","target":{"@type":"EntryPoint","urlTemplate":"https:\/\/sucasagastronomia.com.br\/agenda\/?s={search_term_string}"},"query-input":{"@type":"PropertyValueSpecification","valueRequired":true,"valueName":"search_term_string"}}],"inLanguage":"pt-BR"},{"@type":"Organization","@id":"https:\/\/sucasagastronomia.com.br\/agenda\/#organization","name":"Sucasa Gatronomia | Escola de Gastronomia Sem Frescura | Agenda","url":"https:\/\/sucasagastronomia.com.br\/agenda\/","logo":{"@type":"ImageObject","inLanguage":"pt-BR","@id":"https:\/\/sucasagastronomia.com.br\/agenda\/#\/schema\/logo\/image\/","url":"https:\/\/sucasagastronomia.com.br\/agenda\/wp-content\/uploads\/2021\/07\/logo-sucasa.jpg","contentUrl":"https:\/\/sucasagastronomia.com.br\/agenda\/wp-content\/uploads\/2021\/07\/logo-sucasa.jpg","width":417,"height":417,"caption":"Sucasa Gatronomia | Escola de Gastronomia Sem Frescura | Agenda"},"image":{"@id":"https:\/\/sucasagastronomia.com.br\/agenda\/#\/schema\/logo\/image\/"}}]}},"_links":{"self":[{"href":"https:\/\/sucasagastronomia.com.br\/agenda\/wp-json\/wp\/v2\/product\/1298","targetHints":{"allow":["GET"]}}],"collection":[{"href":"https:\/\/sucasagastronomia.com.br\/agenda\/wp-json\/wp\/v2\/product"}],"about":[{"href":"https:\/\/sucasagastronomia.com.br\/agenda\/wp-json\/wp\/v2\/types\/product"}],"replies":[{"embeddable":true,"href":"https:\/\/sucasagastronomia.com.br\/agenda\/wp-json\/wp\/v2\/comments?post=1298"}],"wp:featuredmedia":[{"embeddable":true,"href":"https:\/\/sucasagastronomia.com.br\/agenda\/wp-json\/wp\/v2\/media\/846"}],"wp:attachment":[{"href":"https:\/\/sucasagastronomia.com.br\/agenda\/wp-json\/wp\/v2\/media?parent=1298"}],"wp:term":[{"taxonomy":"product_cat","embeddable":true,"href":"https:\/\/sucasagastronomia.com.br\/agenda\/wp-json\/wp\/v2\/product_cat?post=1298"},{"taxonomy":"product_tag","embeddable":true,"href":"https:\/\/sucasagastronomia.com.br\/agenda\/wp-json\/wp\/v2\/product_tag?post=1298"}],"curies":[{"name":"wp","href":"https:\/\/api.w.org\/{rel}","templated":true}]}}