{"id":1372,"date":"2024-12-14T12:29:59","date_gmt":"2024-12-14T15:29:59","guid":{"rendered":"https:\/\/sucasagastronomia.com.br\/agenda\/?post_type=product&#038;p=1372"},"modified":"2024-12-19T13:49:52","modified_gmt":"2024-12-19T16:49:52","slug":"su-casa-kids-sobremesas-2","status":"publish","type":"product","link":"https:\/\/sucasagastronomia.com.br\/agenda\/produto\/su-casa-kids-sobremesas-2\/","title":{"rendered":"Su Casa KIDS &#8211; Sobremesas"},"content":{"rendered":"","protected":false},"excerpt":{"rendered":"<p>O seu pequeno tem a partir de 7 anos? Ent\u00e3o se liga que a partir de agora a crian\u00e7ada tem lugar na cozinha pra aprender os primeiros passos e dar show. Traga o seu pequeno(a) pra cozinhar com a gente!<\/p>\n<p><strong>Preparos L\u00fadicos:<\/strong>\u00a0Aqui o seu pequeno(a) vai come\u00e7ar uma experi\u00eancia linda de poder preparar as suas pr\u00f3prias comidas preferidas de uma forma divertida e l\u00fadica\u2026resgatando aquela cozinha da inf\u00e2ncia de todos.<\/p>\n<p><strong>Sobremesas:<\/strong>\u00a0Aqui \u00e9 a hora de se lambuzar fazendo bolinho de chuva, brownie e cookies\u2026nham, nham nham!!!<\/p>\n<p>Seu filho vai se divertir e se deliciar. Ah! sim\u2026 depois desse dia, a cozinha da sua casa ser\u00e1 pura divers\u00e3o.<\/p>\n<p>&nbsp;<\/p>\n","protected":false},"featured_media":819,"comment_status":"closed","ping_status":"closed","template":"","meta":[],"product_cat":[15],"product_tag":[],"class_list":{"0":"post-1372","1":"product","2":"type-product","3":"status-publish","4":"has-post-thumbnail","6":"product_cat-sem-categoria","8":"first","9":"outofstock","10":"downloadable","11":"virtual","12":"purchasable","13":"product-type-simple"},"yoast_head":"<!-- This site is optimized with the Yoast SEO plugin v23.9 - https:\/\/yoast.com\/wordpress\/plugins\/seo\/ -->\n<title>Su Casa KIDS - Sobremesas - Sucasa Gatronomia | Escola de Gastronomia Sem Frescura | Agenda<\/title>\n<meta name=\"description\" content=\"Que tal o seu filho(a) se apaixonando por fazer comidas deliciosas? Na Su Casa Kids todos v\u00e3o colocar a m\u00e3o na massa com preparos l\u00fadicos!\" \/>\n<meta name=\"robots\" content=\"index, follow, max-snippet:-1, max-image-preview:large, max-video-preview:-1\" \/>\n<link rel=\"canonical\" href=\"https:\/\/sucasagastronomia.com.br\/agenda\/produto\/su-casa-kids-sobremesas-2\/\" \/>\n<meta property=\"og:locale\" content=\"pt_BR\" \/>\n<meta property=\"og:type\" content=\"article\" \/>\n<meta property=\"og:title\" content=\"Su Casa KIDS - Sobremesas - Sucasa Gatronomia | Escola de Gastronomia Sem Frescura | Agenda\" \/>\n<meta property=\"og:description\" content=\"Que tal o seu filho(a) se apaixonando por fazer comidas deliciosas? Na Su Casa Kids todos v\u00e3o colocar a m\u00e3o na massa com preparos l\u00fadicos!\" \/>\n<meta property=\"og:url\" content=\"https:\/\/sucasagastronomia.com.br\/agenda\/produto\/su-casa-kids-sobremesas-2\/\" \/>\n<meta property=\"og:site_name\" content=\"Sucasa Gatronomia | Escola de Gastronomia Sem Frescura | Agenda\" \/>\n<meta property=\"article:modified_time\" content=\"2024-12-19T16:49:52+00:00\" \/>\n<meta property=\"og:image\" content=\"https:\/\/sucasagastronomia.com.br\/agenda\/wp-content\/uploads\/2023\/07\/WhatsApp-Image-2023-06-20-at-14.42.13-4.jpeg\" \/>\n\t<meta property=\"og:image:width\" content=\"1200\" \/>\n\t<meta property=\"og:image:height\" content=\"600\" \/>\n\t<meta property=\"og:image:type\" content=\"image\/jpeg\" \/>\n<meta name=\"twitter:card\" content=\"summary_large_image\" \/>\n<meta name=\"twitter:label1\" content=\"Est. tempo de leitura\" \/>\n\t<meta name=\"twitter:data1\" content=\"1 minuto\" \/>\n<script type=\"application\/ld+json\" class=\"yoast-schema-graph\">{\"@context\":\"https:\/\/schema.org\",\"@graph\":[{\"@type\":\"WebPage\",\"@id\":\"https:\/\/sucasagastronomia.com.br\/agenda\/produto\/su-casa-kids-sobremesas-2\/\",\"url\":\"https:\/\/sucasagastronomia.com.br\/agenda\/produto\/su-casa-kids-sobremesas-2\/\",\"name\":\"Su Casa KIDS - Sobremesas - Sucasa Gatronomia | Escola de Gastronomia Sem Frescura | Agenda\",\"isPartOf\":{\"@id\":\"https:\/\/sucasagastronomia.com.br\/agenda\/#website\"},\"primaryImageOfPage\":{\"@id\":\"https:\/\/sucasagastronomia.com.br\/agenda\/produto\/su-casa-kids-sobremesas-2\/#primaryimage\"},\"image\":{\"@id\":\"https:\/\/sucasagastronomia.com.br\/agenda\/produto\/su-casa-kids-sobremesas-2\/#primaryimage\"},\"thumbnailUrl\":\"https:\/\/sucasagastronomia.com.br\/agenda\/wp-content\/uploads\/2023\/07\/WhatsApp-Image-2023-06-20-at-14.42.13-4.jpeg\",\"datePublished\":\"2024-12-14T15:29:59+00:00\",\"dateModified\":\"2024-12-19T16:49:52+00:00\",\"description\":\"Que tal o seu filho(a) se apaixonando por fazer comidas deliciosas? Na Su Casa Kids todos v\u00e3o colocar a m\u00e3o na massa com preparos l\u00fadicos!\",\"breadcrumb\":{\"@id\":\"https:\/\/sucasagastronomia.com.br\/agenda\/produto\/su-casa-kids-sobremesas-2\/#breadcrumb\"},\"inLanguage\":\"pt-BR\",\"potentialAction\":[{\"@type\":\"ReadAction\",\"target\":[\"https:\/\/sucasagastronomia.com.br\/agenda\/produto\/su-casa-kids-sobremesas-2\/\"]}]},{\"@type\":\"ImageObject\",\"inLanguage\":\"pt-BR\",\"@id\":\"https:\/\/sucasagastronomia.com.br\/agenda\/produto\/su-casa-kids-sobremesas-2\/#primaryimage\",\"url\":\"https:\/\/sucasagastronomia.com.br\/agenda\/wp-content\/uploads\/2023\/07\/WhatsApp-Image-2023-06-20-at-14.42.13-4.jpeg\",\"contentUrl\":\"https:\/\/sucasagastronomia.com.br\/agenda\/wp-content\/uploads\/2023\/07\/WhatsApp-Image-2023-06-20-at-14.42.13-4.jpeg\",\"width\":1200,\"height\":600},{\"@type\":\"BreadcrumbList\",\"@id\":\"https:\/\/sucasagastronomia.com.br\/agenda\/produto\/su-casa-kids-sobremesas-2\/#breadcrumb\",\"itemListElement\":[{\"@type\":\"ListItem\",\"position\":1,\"name\":\"In\u00edcio\",\"item\":\"https:\/\/sucasagastronomia.com.br\/agenda\/\"},{\"@type\":\"ListItem\",\"position\":2,\"name\":\"Loja\",\"item\":\"https:\/\/sucasagastronomia.com.br\/agenda\/loja\/\"},{\"@type\":\"ListItem\",\"position\":3,\"name\":\"Su Casa KIDS &#8211; Sobremesas\"}]},{\"@type\":\"WebSite\",\"@id\":\"https:\/\/sucasagastronomia.com.br\/agenda\/#website\",\"url\":\"https:\/\/sucasagastronomia.com.br\/agenda\/\",\"name\":\"Sucasa Gatronomia | Escola de Gastronomia Sem Frescura | Agenda\",\"description\":\"Gastronomia\",\"publisher\":{\"@id\":\"https:\/\/sucasagastronomia.com.br\/agenda\/#organization\"},\"potentialAction\":[{\"@type\":\"SearchAction\",\"target\":{\"@type\":\"EntryPoint\",\"urlTemplate\":\"https:\/\/sucasagastronomia.com.br\/agenda\/?s={search_term_string}\"},\"query-input\":{\"@type\":\"PropertyValueSpecification\",\"valueRequired\":true,\"valueName\":\"search_term_string\"}}],\"inLanguage\":\"pt-BR\"},{\"@type\":\"Organization\",\"@id\":\"https:\/\/sucasagastronomia.com.br\/agenda\/#organization\",\"name\":\"Sucasa Gatronomia | Escola de Gastronomia Sem Frescura | Agenda\",\"url\":\"https:\/\/sucasagastronomia.com.br\/agenda\/\",\"logo\":{\"@type\":\"ImageObject\",\"inLanguage\":\"pt-BR\",\"@id\":\"https:\/\/sucasagastronomia.com.br\/agenda\/#\/schema\/logo\/image\/\",\"url\":\"https:\/\/sucasagastronomia.com.br\/agenda\/wp-content\/uploads\/2021\/07\/logo-sucasa.jpg\",\"contentUrl\":\"https:\/\/sucasagastronomia.com.br\/agenda\/wp-content\/uploads\/2021\/07\/logo-sucasa.jpg\",\"width\":417,\"height\":417,\"caption\":\"Sucasa Gatronomia | Escola de Gastronomia Sem Frescura | Agenda\"},\"image\":{\"@id\":\"https:\/\/sucasagastronomia.com.br\/agenda\/#\/schema\/logo\/image\/\"}}]}<\/script>\n<!-- \/ Yoast SEO plugin. -->","yoast_head_json":{"title":"Su Casa KIDS - Sobremesas - Sucasa Gatronomia | Escola de Gastronomia Sem Frescura | Agenda","description":"Que tal o seu filho(a) se apaixonando por fazer comidas deliciosas? Na Su Casa Kids todos v\u00e3o colocar a m\u00e3o na massa com preparos l\u00fadicos!","robots":{"index":"index","follow":"follow","max-snippet":"max-snippet:-1","max-image-preview":"max-image-preview:large","max-video-preview":"max-video-preview:-1"},"canonical":"https:\/\/sucasagastronomia.com.br\/agenda\/produto\/su-casa-kids-sobremesas-2\/","og_locale":"pt_BR","og_type":"article","og_title":"Su Casa KIDS - Sobremesas - Sucasa Gatronomia | Escola de Gastronomia Sem Frescura | Agenda","og_description":"Que tal o seu filho(a) se apaixonando por fazer comidas deliciosas? Na Su Casa Kids todos v\u00e3o colocar a m\u00e3o na massa com preparos l\u00fadicos!","og_url":"https:\/\/sucasagastronomia.com.br\/agenda\/produto\/su-casa-kids-sobremesas-2\/","og_site_name":"Sucasa Gatronomia | Escola de Gastronomia Sem Frescura | Agenda","article_modified_time":"2024-12-19T16:49:52+00:00","og_image":[{"width":1200,"height":600,"url":"https:\/\/sucasagastronomia.com.br\/agenda\/wp-content\/uploads\/2023\/07\/WhatsApp-Image-2023-06-20-at-14.42.13-4.jpeg","type":"image\/jpeg"}],"twitter_card":"summary_large_image","twitter_misc":{"Est. tempo de leitura":"1 minuto"},"schema":{"@context":"https:\/\/schema.org","@graph":[{"@type":"WebPage","@id":"https:\/\/sucasagastronomia.com.br\/agenda\/produto\/su-casa-kids-sobremesas-2\/","url":"https:\/\/sucasagastronomia.com.br\/agenda\/produto\/su-casa-kids-sobremesas-2\/","name":"Su Casa KIDS - Sobremesas - Sucasa Gatronomia | Escola de Gastronomia Sem Frescura | Agenda","isPartOf":{"@id":"https:\/\/sucasagastronomia.com.br\/agenda\/#website"},"primaryImageOfPage":{"@id":"https:\/\/sucasagastronomia.com.br\/agenda\/produto\/su-casa-kids-sobremesas-2\/#primaryimage"},"image":{"@id":"https:\/\/sucasagastronomia.com.br\/agenda\/produto\/su-casa-kids-sobremesas-2\/#primaryimage"},"thumbnailUrl":"https:\/\/sucasagastronomia.com.br\/agenda\/wp-content\/uploads\/2023\/07\/WhatsApp-Image-2023-06-20-at-14.42.13-4.jpeg","datePublished":"2024-12-14T15:29:59+00:00","dateModified":"2024-12-19T16:49:52+00:00","description":"Que tal o seu filho(a) se apaixonando por fazer comidas deliciosas? Na Su Casa Kids todos v\u00e3o colocar a m\u00e3o na massa com preparos l\u00fadicos!","breadcrumb":{"@id":"https:\/\/sucasagastronomia.com.br\/agenda\/produto\/su-casa-kids-sobremesas-2\/#breadcrumb"},"inLanguage":"pt-BR","potentialAction":[{"@type":"ReadAction","target":["https:\/\/sucasagastronomia.com.br\/agenda\/produto\/su-casa-kids-sobremesas-2\/"]}]},{"@type":"ImageObject","inLanguage":"pt-BR","@id":"https:\/\/sucasagastronomia.com.br\/agenda\/produto\/su-casa-kids-sobremesas-2\/#primaryimage","url":"https:\/\/sucasagastronomia.com.br\/agenda\/wp-content\/uploads\/2023\/07\/WhatsApp-Image-2023-06-20-at-14.42.13-4.jpeg","contentUrl":"https:\/\/sucasagastronomia.com.br\/agenda\/wp-content\/uploads\/2023\/07\/WhatsApp-Image-2023-06-20-at-14.42.13-4.jpeg","width":1200,"height":600},{"@type":"BreadcrumbList","@id":"https:\/\/sucasagastronomia.com.br\/agenda\/produto\/su-casa-kids-sobremesas-2\/#breadcrumb","itemListElement":[{"@type":"ListItem","position":1,"name":"In\u00edcio","item":"https:\/\/sucasagastronomia.com.br\/agenda\/"},{"@type":"ListItem","position":2,"name":"Loja","item":"https:\/\/sucasagastronomia.com.br\/agenda\/loja\/"},{"@type":"ListItem","position":3,"name":"Su Casa KIDS &#8211; Sobremesas"}]},{"@type":"WebSite","@id":"https:\/\/sucasagastronomia.com.br\/agenda\/#website","url":"https:\/\/sucasagastronomia.com.br\/agenda\/","name":"Sucasa Gatronomia | Escola de Gastronomia Sem Frescura | Agenda","description":"Gastronomia","publisher":{"@id":"https:\/\/sucasagastronomia.com.br\/agenda\/#organization"},"potentialAction":[{"@type":"SearchAction","target":{"@type":"EntryPoint","urlTemplate":"https:\/\/sucasagastronomia.com.br\/agenda\/?s={search_term_string}"},"query-input":{"@type":"PropertyValueSpecification","valueRequired":true,"valueName":"search_term_string"}}],"inLanguage":"pt-BR"},{"@type":"Organization","@id":"https:\/\/sucasagastronomia.com.br\/agenda\/#organization","name":"Sucasa Gatronomia | Escola de Gastronomia Sem Frescura | Agenda","url":"https:\/\/sucasagastronomia.com.br\/agenda\/","logo":{"@type":"ImageObject","inLanguage":"pt-BR","@id":"https:\/\/sucasagastronomia.com.br\/agenda\/#\/schema\/logo\/image\/","url":"https:\/\/sucasagastronomia.com.br\/agenda\/wp-content\/uploads\/2021\/07\/logo-sucasa.jpg","contentUrl":"https:\/\/sucasagastronomia.com.br\/agenda\/wp-content\/uploads\/2021\/07\/logo-sucasa.jpg","width":417,"height":417,"caption":"Sucasa Gatronomia | Escola de Gastronomia Sem Frescura | Agenda"},"image":{"@id":"https:\/\/sucasagastronomia.com.br\/agenda\/#\/schema\/logo\/image\/"}}]}},"_links":{"self":[{"href":"https:\/\/sucasagastronomia.com.br\/agenda\/wp-json\/wp\/v2\/product\/1372","targetHints":{"allow":["GET"]}}],"collection":[{"href":"https:\/\/sucasagastronomia.com.br\/agenda\/wp-json\/wp\/v2\/product"}],"about":[{"href":"https:\/\/sucasagastronomia.com.br\/agenda\/wp-json\/wp\/v2\/types\/product"}],"replies":[{"embeddable":true,"href":"https:\/\/sucasagastronomia.com.br\/agenda\/wp-json\/wp\/v2\/comments?post=1372"}],"wp:featuredmedia":[{"embeddable":true,"href":"https:\/\/sucasagastronomia.com.br\/agenda\/wp-json\/wp\/v2\/media\/819"}],"wp:attachment":[{"href":"https:\/\/sucasagastronomia.com.br\/agenda\/wp-json\/wp\/v2\/media?parent=1372"}],"wp:term":[{"taxonomy":"product_cat","embeddable":true,"href":"https:\/\/sucasagastronomia.com.br\/agenda\/wp-json\/wp\/v2\/product_cat?post=1372"},{"taxonomy":"product_tag","embeddable":true,"href":"https:\/\/sucasagastronomia.com.br\/agenda\/wp-json\/wp\/v2\/product_tag?post=1372"}],"curies":[{"name":"wp","href":"https:\/\/api.w.org\/{rel}","templated":true}]}}