{"id":1479,"date":"2025-03-19T17:26:05","date_gmt":"2025-03-19T20:26:05","guid":{"rendered":"https:\/\/sucasagastronomia.com.br\/agenda\/?post_type=product&#038;p=1479"},"modified":"2026-03-19T12:53:59","modified_gmt":"2026-03-19T15:53:59","slug":"su-casa-em-brasa-churrasco-2","status":"publish","type":"product","link":"https:\/\/sucasagastronomia.com.br\/agenda\/produto\/su-casa-em-brasa-churrasco-2\/","title":{"rendered":"Churrasco &#8211; Carnes com Osso"},"content":{"rendered":"","protected":false},"excerpt":{"rendered":"<p style=\"padding-left: 120px;\">Para voc\u00ea dar aquele show na churrasqueira. Preparos que s\u00e3o mais pr\u00e1ticos do que voc\u00ea imagina.<\/p>\n<p>Prime Rib<\/p>\n<p>Costela Bovina<\/p>\n<p>Costela Suina<br \/>\nAssado de Tira<br \/>\nChoripan<br \/>\nFarofa de Maracuj\u00e1<br \/>\nVinagrete Assado ( piment\u00e3o, cebola, tomate)<\/p>\n","protected":false},"featured_media":1506,"comment_status":"closed","ping_status":"closed","template":"","meta":[],"product_cat":[15],"product_tag":[],"class_list":{"0":"post-1479","1":"product","2":"type-product","3":"status-publish","4":"has-post-thumbnail","6":"product_cat-sem-categoria","8":"first","9":"instock","10":"shipping-taxable","11":"purchasable","12":"product-type-simple"},"yoast_head":"<!-- This site is optimized with the Yoast SEO plugin v23.9 - https:\/\/yoast.com\/wordpress\/plugins\/seo\/ -->\n<title>Churrasco - Carnes com Osso - Sucasa Gatronomia | Escola de Gastronomia Sem Frescura | Agenda<\/title>\n<meta name=\"description\" content=\"Aquela costela especial e cortes incr\u00edveis pra fazer o churrasco perfeito de forma r\u00e1pida e deliciosa. Venha dominar os preparos destas maravilhas.\" \/>\n<meta name=\"robots\" content=\"index, follow, max-snippet:-1, max-image-preview:large, max-video-preview:-1\" \/>\n<link rel=\"canonical\" href=\"https:\/\/sucasagastronomia.com.br\/agenda\/produto\/su-casa-em-brasa-churrasco-2\/\" \/>\n<meta property=\"og:locale\" content=\"pt_BR\" \/>\n<meta property=\"og:type\" content=\"article\" \/>\n<meta property=\"og:title\" content=\"Churrasco - Carnes com Osso - Sucasa Gatronomia | Escola de Gastronomia Sem Frescura | Agenda\" \/>\n<meta property=\"og:description\" content=\"Aquela costela especial e cortes incr\u00edveis pra fazer o churrasco perfeito de forma r\u00e1pida e deliciosa. Venha dominar os preparos destas maravilhas.\" \/>\n<meta property=\"og:url\" content=\"https:\/\/sucasagastronomia.com.br\/agenda\/produto\/su-casa-em-brasa-churrasco-2\/\" \/>\n<meta property=\"og:site_name\" content=\"Sucasa Gatronomia | Escola de Gastronomia Sem Frescura | Agenda\" \/>\n<meta property=\"article:modified_time\" content=\"2026-03-19T15:53:59+00:00\" \/>\n<meta property=\"og:image\" content=\"https:\/\/sucasagastronomia.com.br\/agenda\/wp-content\/uploads\/2025\/03\/WhatsApp-Image-2025-04-24-at-11.33.21-1-1.jpeg\" \/>\n\t<meta property=\"og:image:width\" content=\"736\" \/>\n\t<meta property=\"og:image:height\" content=\"1104\" \/>\n\t<meta property=\"og:image:type\" content=\"image\/jpeg\" \/>\n<meta name=\"twitter:card\" content=\"summary_large_image\" \/>\n<meta name=\"twitter:label1\" content=\"Est. tempo de leitura\" \/>\n\t<meta name=\"twitter:data1\" content=\"1 minuto\" \/>\n<script type=\"application\/ld+json\" class=\"yoast-schema-graph\">{\"@context\":\"https:\/\/schema.org\",\"@graph\":[{\"@type\":\"WebPage\",\"@id\":\"https:\/\/sucasagastronomia.com.br\/agenda\/produto\/su-casa-em-brasa-churrasco-2\/\",\"url\":\"https:\/\/sucasagastronomia.com.br\/agenda\/produto\/su-casa-em-brasa-churrasco-2\/\",\"name\":\"Churrasco - Carnes com Osso - Sucasa Gatronomia | Escola de Gastronomia Sem Frescura | Agenda\",\"isPartOf\":{\"@id\":\"https:\/\/sucasagastronomia.com.br\/agenda\/#website\"},\"primaryImageOfPage\":{\"@id\":\"https:\/\/sucasagastronomia.com.br\/agenda\/produto\/su-casa-em-brasa-churrasco-2\/#primaryimage\"},\"image\":{\"@id\":\"https:\/\/sucasagastronomia.com.br\/agenda\/produto\/su-casa-em-brasa-churrasco-2\/#primaryimage\"},\"thumbnailUrl\":\"https:\/\/sucasagastronomia.com.br\/agenda\/wp-content\/uploads\/2025\/03\/WhatsApp-Image-2025-04-24-at-11.33.21-1-1.jpeg\",\"datePublished\":\"2025-03-19T20:26:05+00:00\",\"dateModified\":\"2026-03-19T15:53:59+00:00\",\"description\":\"Aquela costela especial e cortes incr\u00edveis pra fazer o churrasco perfeito de forma r\u00e1pida e deliciosa. Venha dominar os preparos destas maravilhas.\",\"breadcrumb\":{\"@id\":\"https:\/\/sucasagastronomia.com.br\/agenda\/produto\/su-casa-em-brasa-churrasco-2\/#breadcrumb\"},\"inLanguage\":\"pt-BR\",\"potentialAction\":[{\"@type\":\"ReadAction\",\"target\":[\"https:\/\/sucasagastronomia.com.br\/agenda\/produto\/su-casa-em-brasa-churrasco-2\/\"]}]},{\"@type\":\"ImageObject\",\"inLanguage\":\"pt-BR\",\"@id\":\"https:\/\/sucasagastronomia.com.br\/agenda\/produto\/su-casa-em-brasa-churrasco-2\/#primaryimage\",\"url\":\"https:\/\/sucasagastronomia.com.br\/agenda\/wp-content\/uploads\/2025\/03\/WhatsApp-Image-2025-04-24-at-11.33.21-1-1.jpeg\",\"contentUrl\":\"https:\/\/sucasagastronomia.com.br\/agenda\/wp-content\/uploads\/2025\/03\/WhatsApp-Image-2025-04-24-at-11.33.21-1-1.jpeg\",\"width\":736,\"height\":1104},{\"@type\":\"BreadcrumbList\",\"@id\":\"https:\/\/sucasagastronomia.com.br\/agenda\/produto\/su-casa-em-brasa-churrasco-2\/#breadcrumb\",\"itemListElement\":[{\"@type\":\"ListItem\",\"position\":1,\"name\":\"In\u00edcio\",\"item\":\"https:\/\/sucasagastronomia.com.br\/agenda\/\"},{\"@type\":\"ListItem\",\"position\":2,\"name\":\"Loja\",\"item\":\"https:\/\/sucasagastronomia.com.br\/agenda\/loja\/\"},{\"@type\":\"ListItem\",\"position\":3,\"name\":\"Churrasco &#8211; Carnes com Osso\"}]},{\"@type\":\"WebSite\",\"@id\":\"https:\/\/sucasagastronomia.com.br\/agenda\/#website\",\"url\":\"https:\/\/sucasagastronomia.com.br\/agenda\/\",\"name\":\"Sucasa Gatronomia | Escola de Gastronomia Sem Frescura | Agenda\",\"description\":\"Gastronomia\",\"publisher\":{\"@id\":\"https:\/\/sucasagastronomia.com.br\/agenda\/#organization\"},\"potentialAction\":[{\"@type\":\"SearchAction\",\"target\":{\"@type\":\"EntryPoint\",\"urlTemplate\":\"https:\/\/sucasagastronomia.com.br\/agenda\/?s={search_term_string}\"},\"query-input\":{\"@type\":\"PropertyValueSpecification\",\"valueRequired\":true,\"valueName\":\"search_term_string\"}}],\"inLanguage\":\"pt-BR\"},{\"@type\":\"Organization\",\"@id\":\"https:\/\/sucasagastronomia.com.br\/agenda\/#organization\",\"name\":\"Sucasa Gatronomia | Escola de Gastronomia Sem Frescura | Agenda\",\"url\":\"https:\/\/sucasagastronomia.com.br\/agenda\/\",\"logo\":{\"@type\":\"ImageObject\",\"inLanguage\":\"pt-BR\",\"@id\":\"https:\/\/sucasagastronomia.com.br\/agenda\/#\/schema\/logo\/image\/\",\"url\":\"https:\/\/sucasagastronomia.com.br\/agenda\/wp-content\/uploads\/2021\/07\/logo-sucasa.jpg\",\"contentUrl\":\"https:\/\/sucasagastronomia.com.br\/agenda\/wp-content\/uploads\/2021\/07\/logo-sucasa.jpg\",\"width\":417,\"height\":417,\"caption\":\"Sucasa Gatronomia | Escola de Gastronomia Sem Frescura | Agenda\"},\"image\":{\"@id\":\"https:\/\/sucasagastronomia.com.br\/agenda\/#\/schema\/logo\/image\/\"}}]}<\/script>\n<!-- \/ Yoast SEO plugin. -->","yoast_head_json":{"title":"Churrasco - Carnes com Osso - Sucasa Gatronomia | Escola de Gastronomia Sem Frescura | Agenda","description":"Aquela costela especial e cortes incr\u00edveis pra fazer o churrasco perfeito de forma r\u00e1pida e deliciosa. Venha dominar os preparos destas maravilhas.","robots":{"index":"index","follow":"follow","max-snippet":"max-snippet:-1","max-image-preview":"max-image-preview:large","max-video-preview":"max-video-preview:-1"},"canonical":"https:\/\/sucasagastronomia.com.br\/agenda\/produto\/su-casa-em-brasa-churrasco-2\/","og_locale":"pt_BR","og_type":"article","og_title":"Churrasco - Carnes com Osso - Sucasa Gatronomia | Escola de Gastronomia Sem Frescura | Agenda","og_description":"Aquela costela especial e cortes incr\u00edveis pra fazer o churrasco perfeito de forma r\u00e1pida e deliciosa. Venha dominar os preparos destas maravilhas.","og_url":"https:\/\/sucasagastronomia.com.br\/agenda\/produto\/su-casa-em-brasa-churrasco-2\/","og_site_name":"Sucasa Gatronomia | Escola de Gastronomia Sem Frescura | Agenda","article_modified_time":"2026-03-19T15:53:59+00:00","og_image":[{"width":736,"height":1104,"url":"https:\/\/sucasagastronomia.com.br\/agenda\/wp-content\/uploads\/2025\/03\/WhatsApp-Image-2025-04-24-at-11.33.21-1-1.jpeg","type":"image\/jpeg"}],"twitter_card":"summary_large_image","twitter_misc":{"Est. tempo de leitura":"1 minuto"},"schema":{"@context":"https:\/\/schema.org","@graph":[{"@type":"WebPage","@id":"https:\/\/sucasagastronomia.com.br\/agenda\/produto\/su-casa-em-brasa-churrasco-2\/","url":"https:\/\/sucasagastronomia.com.br\/agenda\/produto\/su-casa-em-brasa-churrasco-2\/","name":"Churrasco - Carnes com Osso - Sucasa Gatronomia | Escola de Gastronomia Sem Frescura | Agenda","isPartOf":{"@id":"https:\/\/sucasagastronomia.com.br\/agenda\/#website"},"primaryImageOfPage":{"@id":"https:\/\/sucasagastronomia.com.br\/agenda\/produto\/su-casa-em-brasa-churrasco-2\/#primaryimage"},"image":{"@id":"https:\/\/sucasagastronomia.com.br\/agenda\/produto\/su-casa-em-brasa-churrasco-2\/#primaryimage"},"thumbnailUrl":"https:\/\/sucasagastronomia.com.br\/agenda\/wp-content\/uploads\/2025\/03\/WhatsApp-Image-2025-04-24-at-11.33.21-1-1.jpeg","datePublished":"2025-03-19T20:26:05+00:00","dateModified":"2026-03-19T15:53:59+00:00","description":"Aquela costela especial e cortes incr\u00edveis pra fazer o churrasco perfeito de forma r\u00e1pida e deliciosa. Venha dominar os preparos destas maravilhas.","breadcrumb":{"@id":"https:\/\/sucasagastronomia.com.br\/agenda\/produto\/su-casa-em-brasa-churrasco-2\/#breadcrumb"},"inLanguage":"pt-BR","potentialAction":[{"@type":"ReadAction","target":["https:\/\/sucasagastronomia.com.br\/agenda\/produto\/su-casa-em-brasa-churrasco-2\/"]}]},{"@type":"ImageObject","inLanguage":"pt-BR","@id":"https:\/\/sucasagastronomia.com.br\/agenda\/produto\/su-casa-em-brasa-churrasco-2\/#primaryimage","url":"https:\/\/sucasagastronomia.com.br\/agenda\/wp-content\/uploads\/2025\/03\/WhatsApp-Image-2025-04-24-at-11.33.21-1-1.jpeg","contentUrl":"https:\/\/sucasagastronomia.com.br\/agenda\/wp-content\/uploads\/2025\/03\/WhatsApp-Image-2025-04-24-at-11.33.21-1-1.jpeg","width":736,"height":1104},{"@type":"BreadcrumbList","@id":"https:\/\/sucasagastronomia.com.br\/agenda\/produto\/su-casa-em-brasa-churrasco-2\/#breadcrumb","itemListElement":[{"@type":"ListItem","position":1,"name":"In\u00edcio","item":"https:\/\/sucasagastronomia.com.br\/agenda\/"},{"@type":"ListItem","position":2,"name":"Loja","item":"https:\/\/sucasagastronomia.com.br\/agenda\/loja\/"},{"@type":"ListItem","position":3,"name":"Churrasco &#8211; Carnes com Osso"}]},{"@type":"WebSite","@id":"https:\/\/sucasagastronomia.com.br\/agenda\/#website","url":"https:\/\/sucasagastronomia.com.br\/agenda\/","name":"Sucasa Gatronomia | Escola de Gastronomia Sem Frescura | Agenda","description":"Gastronomia","publisher":{"@id":"https:\/\/sucasagastronomia.com.br\/agenda\/#organization"},"potentialAction":[{"@type":"SearchAction","target":{"@type":"EntryPoint","urlTemplate":"https:\/\/sucasagastronomia.com.br\/agenda\/?s={search_term_string}"},"query-input":{"@type":"PropertyValueSpecification","valueRequired":true,"valueName":"search_term_string"}}],"inLanguage":"pt-BR"},{"@type":"Organization","@id":"https:\/\/sucasagastronomia.com.br\/agenda\/#organization","name":"Sucasa Gatronomia | Escola de Gastronomia Sem Frescura | Agenda","url":"https:\/\/sucasagastronomia.com.br\/agenda\/","logo":{"@type":"ImageObject","inLanguage":"pt-BR","@id":"https:\/\/sucasagastronomia.com.br\/agenda\/#\/schema\/logo\/image\/","url":"https:\/\/sucasagastronomia.com.br\/agenda\/wp-content\/uploads\/2021\/07\/logo-sucasa.jpg","contentUrl":"https:\/\/sucasagastronomia.com.br\/agenda\/wp-content\/uploads\/2021\/07\/logo-sucasa.jpg","width":417,"height":417,"caption":"Sucasa Gatronomia | Escola de Gastronomia Sem Frescura | Agenda"},"image":{"@id":"https:\/\/sucasagastronomia.com.br\/agenda\/#\/schema\/logo\/image\/"}}]}},"_links":{"self":[{"href":"https:\/\/sucasagastronomia.com.br\/agenda\/wp-json\/wp\/v2\/product\/1479","targetHints":{"allow":["GET"]}}],"collection":[{"href":"https:\/\/sucasagastronomia.com.br\/agenda\/wp-json\/wp\/v2\/product"}],"about":[{"href":"https:\/\/sucasagastronomia.com.br\/agenda\/wp-json\/wp\/v2\/types\/product"}],"replies":[{"embeddable":true,"href":"https:\/\/sucasagastronomia.com.br\/agenda\/wp-json\/wp\/v2\/comments?post=1479"}],"wp:featuredmedia":[{"embeddable":true,"href":"https:\/\/sucasagastronomia.com.br\/agenda\/wp-json\/wp\/v2\/media\/1506"}],"wp:attachment":[{"href":"https:\/\/sucasagastronomia.com.br\/agenda\/wp-json\/wp\/v2\/media?parent=1479"}],"wp:term":[{"taxonomy":"product_cat","embeddable":true,"href":"https:\/\/sucasagastronomia.com.br\/agenda\/wp-json\/wp\/v2\/product_cat?post=1479"},{"taxonomy":"product_tag","embeddable":true,"href":"https:\/\/sucasagastronomia.com.br\/agenda\/wp-json\/wp\/v2\/product_tag?post=1479"}],"curies":[{"name":"wp","href":"https:\/\/api.w.org\/{rel}","templated":true}]}}