{"id":1488,"date":"2025-04-15T16:29:43","date_gmt":"2025-04-15T19:29:43","guid":{"rendered":"https:\/\/sucasagastronomia.com.br\/agenda\/?post_type=product&#038;p=1488"},"modified":"2026-03-19T12:45:38","modified_gmt":"2026-03-19T15:45:38","slug":"sushi-2","status":"publish","type":"product","link":"https:\/\/sucasagastronomia.com.br\/agenda\/produto\/sushi-2\/","title":{"rendered":"Sushi"},"content":{"rendered":"","protected":false},"excerpt":{"rendered":"<blockquote><p><del><!--more--><\/del>Quem resiste a um belo peda\u00e7o de salm\u00e3o ou uma suculenta fatia de atum sobre aquele gohan temperadinho na medida certa e feito como no Jap\u00e3o?<\/p><\/blockquote>\n<p>Aqui voc\u00ea n\u00e3o vai aprender o sushi do rod\u00edzio n\u00e3o\u2026aqui o buraco \u00e9 mais embaixo; voc\u00ea vai aprender o sushi de verdade.<\/p>\n<p>Voc\u00ea vai aprender a fazer sushi como os grandes mestres. Uramakis, Harumakis, Temakis, Hots\u2026 cozinha japonesa \u00e9 delicada, mas tamb\u00e9m n\u00e3o tem frescura!<\/p>\n","protected":false},"featured_media":472,"comment_status":"closed","ping_status":"closed","template":"","meta":[],"product_cat":[15],"product_tag":[17,22],"class_list":{"0":"post-1488","1":"product","2":"type-product","3":"status-publish","4":"has-post-thumbnail","6":"product_cat-sem-categoria","7":"product_tag-modulo","8":"product_tag-sushi","10":"first","11":"instock","12":"downloadable","13":"virtual","14":"purchasable","15":"product-type-simple"},"yoast_head":"<!-- This site is optimized with the Yoast SEO plugin v23.9 - https:\/\/yoast.com\/wordpress\/plugins\/seo\/ -->\n<title>Sushi - Sucasa Gatronomia | Escola de Gastronomia Sem Frescura | Agenda<\/title>\n<meta name=\"description\" content=\"Voc\u00ea ama sushi? Aprenda os preparos dessa maravilha da culin\u00e1ria japonesa que fazem mais sucesso nos restaurantes\" \/>\n<meta name=\"robots\" content=\"index, follow, max-snippet:-1, max-image-preview:large, max-video-preview:-1\" \/>\n<link rel=\"canonical\" href=\"https:\/\/sucasagastronomia.com.br\/agenda\/produto\/sushi-2\/\" \/>\n<meta property=\"og:locale\" content=\"pt_BR\" \/>\n<meta property=\"og:type\" content=\"article\" \/>\n<meta property=\"og:title\" content=\"Sushi - Sucasa Gatronomia | Escola de Gastronomia Sem Frescura | Agenda\" \/>\n<meta property=\"og:description\" content=\"Voc\u00ea ama sushi? Aprenda os preparos dessa maravilha da culin\u00e1ria japonesa que fazem mais sucesso nos restaurantes\" \/>\n<meta property=\"og:url\" content=\"https:\/\/sucasagastronomia.com.br\/agenda\/produto\/sushi-2\/\" \/>\n<meta property=\"og:site_name\" content=\"Sucasa Gatronomia | Escola de Gastronomia Sem Frescura | Agenda\" \/>\n<meta property=\"article:modified_time\" content=\"2026-03-19T15:45:38+00:00\" \/>\n<meta property=\"og:image\" content=\"https:\/\/sucasagastronomia.com.br\/agenda\/wp-content\/uploads\/2022\/07\/Aula-Sushi-Jun-Nakao-SuCasa-092-scaled.jpg\" \/>\n\t<meta property=\"og:image:width\" content=\"2560\" \/>\n\t<meta property=\"og:image:height\" content=\"1707\" \/>\n\t<meta property=\"og:image:type\" content=\"image\/jpeg\" \/>\n<meta name=\"twitter:card\" content=\"summary_large_image\" \/>\n<meta name=\"twitter:label1\" content=\"Est. tempo de leitura\" \/>\n\t<meta name=\"twitter:data1\" content=\"1 minuto\" \/>\n<script type=\"application\/ld+json\" class=\"yoast-schema-graph\">{\"@context\":\"https:\/\/schema.org\",\"@graph\":[{\"@type\":\"WebPage\",\"@id\":\"https:\/\/sucasagastronomia.com.br\/agenda\/produto\/sushi-2\/\",\"url\":\"https:\/\/sucasagastronomia.com.br\/agenda\/produto\/sushi-2\/\",\"name\":\"Sushi - Sucasa Gatronomia | Escola de Gastronomia Sem Frescura | Agenda\",\"isPartOf\":{\"@id\":\"https:\/\/sucasagastronomia.com.br\/agenda\/#website\"},\"primaryImageOfPage\":{\"@id\":\"https:\/\/sucasagastronomia.com.br\/agenda\/produto\/sushi-2\/#primaryimage\"},\"image\":{\"@id\":\"https:\/\/sucasagastronomia.com.br\/agenda\/produto\/sushi-2\/#primaryimage\"},\"thumbnailUrl\":\"https:\/\/sucasagastronomia.com.br\/agenda\/wp-content\/uploads\/2022\/07\/Aula-Sushi-Jun-Nakao-SuCasa-092-scaled.jpg\",\"datePublished\":\"2025-04-15T19:29:43+00:00\",\"dateModified\":\"2026-03-19T15:45:38+00:00\",\"description\":\"Voc\u00ea ama sushi? Aprenda os preparos dessa maravilha da culin\u00e1ria japonesa que fazem mais sucesso nos restaurantes\",\"breadcrumb\":{\"@id\":\"https:\/\/sucasagastronomia.com.br\/agenda\/produto\/sushi-2\/#breadcrumb\"},\"inLanguage\":\"pt-BR\",\"potentialAction\":[{\"@type\":\"ReadAction\",\"target\":[\"https:\/\/sucasagastronomia.com.br\/agenda\/produto\/sushi-2\/\"]}]},{\"@type\":\"ImageObject\",\"inLanguage\":\"pt-BR\",\"@id\":\"https:\/\/sucasagastronomia.com.br\/agenda\/produto\/sushi-2\/#primaryimage\",\"url\":\"https:\/\/sucasagastronomia.com.br\/agenda\/wp-content\/uploads\/2022\/07\/Aula-Sushi-Jun-Nakao-SuCasa-092-scaled.jpg\",\"contentUrl\":\"https:\/\/sucasagastronomia.com.br\/agenda\/wp-content\/uploads\/2022\/07\/Aula-Sushi-Jun-Nakao-SuCasa-092-scaled.jpg\",\"width\":2560,\"height\":1707,\"caption\":\"Sushi com Jun Nakao - Su Casa Gastronomia\"},{\"@type\":\"BreadcrumbList\",\"@id\":\"https:\/\/sucasagastronomia.com.br\/agenda\/produto\/sushi-2\/#breadcrumb\",\"itemListElement\":[{\"@type\":\"ListItem\",\"position\":1,\"name\":\"In\u00edcio\",\"item\":\"https:\/\/sucasagastronomia.com.br\/agenda\/\"},{\"@type\":\"ListItem\",\"position\":2,\"name\":\"Loja\",\"item\":\"https:\/\/sucasagastronomia.com.br\/agenda\/loja\/\"},{\"@type\":\"ListItem\",\"position\":3,\"name\":\"Sushi\"}]},{\"@type\":\"WebSite\",\"@id\":\"https:\/\/sucasagastronomia.com.br\/agenda\/#website\",\"url\":\"https:\/\/sucasagastronomia.com.br\/agenda\/\",\"name\":\"Sucasa Gatronomia | Escola de Gastronomia Sem Frescura | Agenda\",\"description\":\"Gastronomia\",\"publisher\":{\"@id\":\"https:\/\/sucasagastronomia.com.br\/agenda\/#organization\"},\"potentialAction\":[{\"@type\":\"SearchAction\",\"target\":{\"@type\":\"EntryPoint\",\"urlTemplate\":\"https:\/\/sucasagastronomia.com.br\/agenda\/?s={search_term_string}\"},\"query-input\":{\"@type\":\"PropertyValueSpecification\",\"valueRequired\":true,\"valueName\":\"search_term_string\"}}],\"inLanguage\":\"pt-BR\"},{\"@type\":\"Organization\",\"@id\":\"https:\/\/sucasagastronomia.com.br\/agenda\/#organization\",\"name\":\"Sucasa Gatronomia | Escola de Gastronomia Sem Frescura | Agenda\",\"url\":\"https:\/\/sucasagastronomia.com.br\/agenda\/\",\"logo\":{\"@type\":\"ImageObject\",\"inLanguage\":\"pt-BR\",\"@id\":\"https:\/\/sucasagastronomia.com.br\/agenda\/#\/schema\/logo\/image\/\",\"url\":\"https:\/\/sucasagastronomia.com.br\/agenda\/wp-content\/uploads\/2021\/07\/logo-sucasa.jpg\",\"contentUrl\":\"https:\/\/sucasagastronomia.com.br\/agenda\/wp-content\/uploads\/2021\/07\/logo-sucasa.jpg\",\"width\":417,\"height\":417,\"caption\":\"Sucasa Gatronomia | Escola de Gastronomia Sem Frescura | Agenda\"},\"image\":{\"@id\":\"https:\/\/sucasagastronomia.com.br\/agenda\/#\/schema\/logo\/image\/\"}}]}<\/script>\n<!-- \/ Yoast SEO plugin. -->","yoast_head_json":{"title":"Sushi - Sucasa Gatronomia | Escola de Gastronomia Sem Frescura | Agenda","description":"Voc\u00ea ama sushi? Aprenda os preparos dessa maravilha da culin\u00e1ria japonesa que fazem mais sucesso nos restaurantes","robots":{"index":"index","follow":"follow","max-snippet":"max-snippet:-1","max-image-preview":"max-image-preview:large","max-video-preview":"max-video-preview:-1"},"canonical":"https:\/\/sucasagastronomia.com.br\/agenda\/produto\/sushi-2\/","og_locale":"pt_BR","og_type":"article","og_title":"Sushi - Sucasa Gatronomia | Escola de Gastronomia Sem Frescura | Agenda","og_description":"Voc\u00ea ama sushi? Aprenda os preparos dessa maravilha da culin\u00e1ria japonesa que fazem mais sucesso nos restaurantes","og_url":"https:\/\/sucasagastronomia.com.br\/agenda\/produto\/sushi-2\/","og_site_name":"Sucasa Gatronomia | Escola de Gastronomia Sem Frescura | Agenda","article_modified_time":"2026-03-19T15:45:38+00:00","og_image":[{"width":2560,"height":1707,"url":"https:\/\/sucasagastronomia.com.br\/agenda\/wp-content\/uploads\/2022\/07\/Aula-Sushi-Jun-Nakao-SuCasa-092-scaled.jpg","type":"image\/jpeg"}],"twitter_card":"summary_large_image","twitter_misc":{"Est. tempo de leitura":"1 minuto"},"schema":{"@context":"https:\/\/schema.org","@graph":[{"@type":"WebPage","@id":"https:\/\/sucasagastronomia.com.br\/agenda\/produto\/sushi-2\/","url":"https:\/\/sucasagastronomia.com.br\/agenda\/produto\/sushi-2\/","name":"Sushi - Sucasa Gatronomia | Escola de Gastronomia Sem Frescura | Agenda","isPartOf":{"@id":"https:\/\/sucasagastronomia.com.br\/agenda\/#website"},"primaryImageOfPage":{"@id":"https:\/\/sucasagastronomia.com.br\/agenda\/produto\/sushi-2\/#primaryimage"},"image":{"@id":"https:\/\/sucasagastronomia.com.br\/agenda\/produto\/sushi-2\/#primaryimage"},"thumbnailUrl":"https:\/\/sucasagastronomia.com.br\/agenda\/wp-content\/uploads\/2022\/07\/Aula-Sushi-Jun-Nakao-SuCasa-092-scaled.jpg","datePublished":"2025-04-15T19:29:43+00:00","dateModified":"2026-03-19T15:45:38+00:00","description":"Voc\u00ea ama sushi? Aprenda os preparos dessa maravilha da culin\u00e1ria japonesa que fazem mais sucesso nos restaurantes","breadcrumb":{"@id":"https:\/\/sucasagastronomia.com.br\/agenda\/produto\/sushi-2\/#breadcrumb"},"inLanguage":"pt-BR","potentialAction":[{"@type":"ReadAction","target":["https:\/\/sucasagastronomia.com.br\/agenda\/produto\/sushi-2\/"]}]},{"@type":"ImageObject","inLanguage":"pt-BR","@id":"https:\/\/sucasagastronomia.com.br\/agenda\/produto\/sushi-2\/#primaryimage","url":"https:\/\/sucasagastronomia.com.br\/agenda\/wp-content\/uploads\/2022\/07\/Aula-Sushi-Jun-Nakao-SuCasa-092-scaled.jpg","contentUrl":"https:\/\/sucasagastronomia.com.br\/agenda\/wp-content\/uploads\/2022\/07\/Aula-Sushi-Jun-Nakao-SuCasa-092-scaled.jpg","width":2560,"height":1707,"caption":"Sushi com Jun Nakao - Su Casa Gastronomia"},{"@type":"BreadcrumbList","@id":"https:\/\/sucasagastronomia.com.br\/agenda\/produto\/sushi-2\/#breadcrumb","itemListElement":[{"@type":"ListItem","position":1,"name":"In\u00edcio","item":"https:\/\/sucasagastronomia.com.br\/agenda\/"},{"@type":"ListItem","position":2,"name":"Loja","item":"https:\/\/sucasagastronomia.com.br\/agenda\/loja\/"},{"@type":"ListItem","position":3,"name":"Sushi"}]},{"@type":"WebSite","@id":"https:\/\/sucasagastronomia.com.br\/agenda\/#website","url":"https:\/\/sucasagastronomia.com.br\/agenda\/","name":"Sucasa Gatronomia | Escola de Gastronomia Sem Frescura | Agenda","description":"Gastronomia","publisher":{"@id":"https:\/\/sucasagastronomia.com.br\/agenda\/#organization"},"potentialAction":[{"@type":"SearchAction","target":{"@type":"EntryPoint","urlTemplate":"https:\/\/sucasagastronomia.com.br\/agenda\/?s={search_term_string}"},"query-input":{"@type":"PropertyValueSpecification","valueRequired":true,"valueName":"search_term_string"}}],"inLanguage":"pt-BR"},{"@type":"Organization","@id":"https:\/\/sucasagastronomia.com.br\/agenda\/#organization","name":"Sucasa Gatronomia | Escola de Gastronomia Sem Frescura | Agenda","url":"https:\/\/sucasagastronomia.com.br\/agenda\/","logo":{"@type":"ImageObject","inLanguage":"pt-BR","@id":"https:\/\/sucasagastronomia.com.br\/agenda\/#\/schema\/logo\/image\/","url":"https:\/\/sucasagastronomia.com.br\/agenda\/wp-content\/uploads\/2021\/07\/logo-sucasa.jpg","contentUrl":"https:\/\/sucasagastronomia.com.br\/agenda\/wp-content\/uploads\/2021\/07\/logo-sucasa.jpg","width":417,"height":417,"caption":"Sucasa Gatronomia | Escola de Gastronomia Sem Frescura | Agenda"},"image":{"@id":"https:\/\/sucasagastronomia.com.br\/agenda\/#\/schema\/logo\/image\/"}}]}},"_links":{"self":[{"href":"https:\/\/sucasagastronomia.com.br\/agenda\/wp-json\/wp\/v2\/product\/1488","targetHints":{"allow":["GET"]}}],"collection":[{"href":"https:\/\/sucasagastronomia.com.br\/agenda\/wp-json\/wp\/v2\/product"}],"about":[{"href":"https:\/\/sucasagastronomia.com.br\/agenda\/wp-json\/wp\/v2\/types\/product"}],"replies":[{"embeddable":true,"href":"https:\/\/sucasagastronomia.com.br\/agenda\/wp-json\/wp\/v2\/comments?post=1488"}],"wp:featuredmedia":[{"embeddable":true,"href":"https:\/\/sucasagastronomia.com.br\/agenda\/wp-json\/wp\/v2\/media\/472"}],"wp:attachment":[{"href":"https:\/\/sucasagastronomia.com.br\/agenda\/wp-json\/wp\/v2\/media?parent=1488"}],"wp:term":[{"taxonomy":"product_cat","embeddable":true,"href":"https:\/\/sucasagastronomia.com.br\/agenda\/wp-json\/wp\/v2\/product_cat?post=1488"},{"taxonomy":"product_tag","embeddable":true,"href":"https:\/\/sucasagastronomia.com.br\/agenda\/wp-json\/wp\/v2\/product_tag?post=1488"}],"curies":[{"name":"wp","href":"https:\/\/api.w.org\/{rel}","templated":true}]}}