{"id":1489,"date":"2025-04-15T16:33:27","date_gmt":"2025-04-15T19:33:27","guid":{"rendered":"https:\/\/sucasagastronomia.com.br\/agenda\/?post_type=product&#038;p=1489"},"modified":"2026-04-16T13:24:08","modified_gmt":"2026-04-16T16:24:08","slug":"batatas-2","status":"publish","type":"product","link":"https:\/\/sucasagastronomia.com.br\/agenda\/produto\/batatas-2\/","title":{"rendered":"Batatas"},"content":{"rendered":"","protected":false},"excerpt":{"rendered":"<p>Vamos trabalhar um alimento que \u00e9 tratado injustamente como coadjuvante: a Batata!<\/p>\n<p>A partir de agora, voc\u00ea\u00a0 vai tirar o melhor dessa del\u00edcia.<\/p>\n<p>Vamos mostrar que ela \u00e9 a maior coringa que existe na cozinha pela infinidade de modos de preparo, facilidade em absorver temperos, versatilidade e pela quantidade de formas que ela pode assumir. Ser\u00e3o 6 pratos diferentes usando todos os tipos de coc\u00e7\u00e3o poss\u00edveis com batatas. Vamos fazer Pur\u00ea de Batatas Mista, Batata Gratin, Batata Saut\u00e9e, Batatas aos Murros, Chips de Batata Doce e a Baked Potato (Batata Recheada).<\/p>\n","protected":false},"featured_media":196,"comment_status":"closed","ping_status":"closed","template":"","meta":[],"product_cat":[15],"product_tag":[17],"class_list":{"0":"post-1489","1":"product","2":"type-product","3":"status-publish","4":"has-post-thumbnail","6":"product_cat-sem-categoria","7":"product_tag-modulo","9":"first","10":"instock","11":"downloadable","12":"virtual","13":"purchasable","14":"product-type-simple"},"yoast_head":"<!-- This site is optimized with the Yoast SEO plugin v23.9 - https:\/\/yoast.com\/wordpress\/plugins\/seo\/ -->\n<title>Batatas - Sucasa Gatronomia | Escola de Gastronomia Sem Frescura | Agenda<\/title>\n<meta name=\"description\" content=\"Venha aprender a transformar batatas em estrelas na sua cozinha. Ser\u00e3o 6 preparos de pratos sensacionais utilizando a batata como a estrela.\" \/>\n<meta name=\"robots\" content=\"index, follow, max-snippet:-1, max-image-preview:large, max-video-preview:-1\" \/>\n<link rel=\"canonical\" href=\"https:\/\/sucasagastronomia.com.br\/agenda\/produto\/batatas-2\/\" \/>\n<meta property=\"og:locale\" content=\"pt_BR\" \/>\n<meta property=\"og:type\" content=\"article\" \/>\n<meta property=\"og:title\" content=\"Batatas - Sucasa Gatronomia | Escola de Gastronomia Sem Frescura | Agenda\" \/>\n<meta property=\"og:description\" content=\"Venha aprender a transformar batatas em estrelas na sua cozinha. Ser\u00e3o 6 preparos de pratos sensacionais utilizando a batata como a estrela.\" \/>\n<meta property=\"og:url\" content=\"https:\/\/sucasagastronomia.com.br\/agenda\/produto\/batatas-2\/\" \/>\n<meta property=\"og:site_name\" content=\"Sucasa Gatronomia | Escola de Gastronomia Sem Frescura | Agenda\" \/>\n<meta property=\"article:modified_time\" content=\"2026-04-16T16:24:08+00:00\" \/>\n<meta property=\"og:image\" content=\"https:\/\/sucasagastronomia.com.br\/agenda\/wp-content\/uploads\/2021\/07\/FB_IMG_1570653715162.jpg\" \/>\n\t<meta property=\"og:image:width\" content=\"960\" \/>\n\t<meta property=\"og:image:height\" content=\"540\" \/>\n\t<meta property=\"og:image:type\" content=\"image\/jpeg\" \/>\n<meta name=\"twitter:card\" content=\"summary_large_image\" \/>\n<meta name=\"twitter:label1\" content=\"Est. tempo de leitura\" \/>\n\t<meta name=\"twitter:data1\" content=\"1 minuto\" \/>\n<script type=\"application\/ld+json\" class=\"yoast-schema-graph\">{\"@context\":\"https:\/\/schema.org\",\"@graph\":[{\"@type\":\"WebPage\",\"@id\":\"https:\/\/sucasagastronomia.com.br\/agenda\/produto\/batatas-2\/\",\"url\":\"https:\/\/sucasagastronomia.com.br\/agenda\/produto\/batatas-2\/\",\"name\":\"Batatas - Sucasa Gatronomia | Escola de Gastronomia Sem Frescura | Agenda\",\"isPartOf\":{\"@id\":\"https:\/\/sucasagastronomia.com.br\/agenda\/#website\"},\"primaryImageOfPage\":{\"@id\":\"https:\/\/sucasagastronomia.com.br\/agenda\/produto\/batatas-2\/#primaryimage\"},\"image\":{\"@id\":\"https:\/\/sucasagastronomia.com.br\/agenda\/produto\/batatas-2\/#primaryimage\"},\"thumbnailUrl\":\"https:\/\/sucasagastronomia.com.br\/agenda\/wp-content\/uploads\/2021\/07\/FB_IMG_1570653715162.jpg\",\"datePublished\":\"2025-04-15T19:33:27+00:00\",\"dateModified\":\"2026-04-16T16:24:08+00:00\",\"description\":\"Venha aprender a transformar batatas em estrelas na sua cozinha. Ser\u00e3o 6 preparos de pratos sensacionais utilizando a batata como a estrela.\",\"breadcrumb\":{\"@id\":\"https:\/\/sucasagastronomia.com.br\/agenda\/produto\/batatas-2\/#breadcrumb\"},\"inLanguage\":\"pt-BR\",\"potentialAction\":[{\"@type\":\"ReadAction\",\"target\":[\"https:\/\/sucasagastronomia.com.br\/agenda\/produto\/batatas-2\/\"]}]},{\"@type\":\"ImageObject\",\"inLanguage\":\"pt-BR\",\"@id\":\"https:\/\/sucasagastronomia.com.br\/agenda\/produto\/batatas-2\/#primaryimage\",\"url\":\"https:\/\/sucasagastronomia.com.br\/agenda\/wp-content\/uploads\/2021\/07\/FB_IMG_1570653715162.jpg\",\"contentUrl\":\"https:\/\/sucasagastronomia.com.br\/agenda\/wp-content\/uploads\/2021\/07\/FB_IMG_1570653715162.jpg\",\"width\":960,\"height\":540},{\"@type\":\"BreadcrumbList\",\"@id\":\"https:\/\/sucasagastronomia.com.br\/agenda\/produto\/batatas-2\/#breadcrumb\",\"itemListElement\":[{\"@type\":\"ListItem\",\"position\":1,\"name\":\"In\u00edcio\",\"item\":\"https:\/\/sucasagastronomia.com.br\/agenda\/\"},{\"@type\":\"ListItem\",\"position\":2,\"name\":\"Loja\",\"item\":\"https:\/\/sucasagastronomia.com.br\/agenda\/loja\/\"},{\"@type\":\"ListItem\",\"position\":3,\"name\":\"Batatas\"}]},{\"@type\":\"WebSite\",\"@id\":\"https:\/\/sucasagastronomia.com.br\/agenda\/#website\",\"url\":\"https:\/\/sucasagastronomia.com.br\/agenda\/\",\"name\":\"Sucasa Gatronomia | Escola de Gastronomia Sem Frescura | Agenda\",\"description\":\"Gastronomia\",\"publisher\":{\"@id\":\"https:\/\/sucasagastronomia.com.br\/agenda\/#organization\"},\"potentialAction\":[{\"@type\":\"SearchAction\",\"target\":{\"@type\":\"EntryPoint\",\"urlTemplate\":\"https:\/\/sucasagastronomia.com.br\/agenda\/?s={search_term_string}\"},\"query-input\":{\"@type\":\"PropertyValueSpecification\",\"valueRequired\":true,\"valueName\":\"search_term_string\"}}],\"inLanguage\":\"pt-BR\"},{\"@type\":\"Organization\",\"@id\":\"https:\/\/sucasagastronomia.com.br\/agenda\/#organization\",\"name\":\"Sucasa Gatronomia | Escola de Gastronomia Sem Frescura | Agenda\",\"url\":\"https:\/\/sucasagastronomia.com.br\/agenda\/\",\"logo\":{\"@type\":\"ImageObject\",\"inLanguage\":\"pt-BR\",\"@id\":\"https:\/\/sucasagastronomia.com.br\/agenda\/#\/schema\/logo\/image\/\",\"url\":\"https:\/\/sucasagastronomia.com.br\/agenda\/wp-content\/uploads\/2021\/07\/logo-sucasa.jpg\",\"contentUrl\":\"https:\/\/sucasagastronomia.com.br\/agenda\/wp-content\/uploads\/2021\/07\/logo-sucasa.jpg\",\"width\":417,\"height\":417,\"caption\":\"Sucasa Gatronomia | Escola de Gastronomia Sem Frescura | Agenda\"},\"image\":{\"@id\":\"https:\/\/sucasagastronomia.com.br\/agenda\/#\/schema\/logo\/image\/\"}}]}<\/script>\n<!-- \/ Yoast SEO plugin. -->","yoast_head_json":{"title":"Batatas - Sucasa Gatronomia | Escola de Gastronomia Sem Frescura | Agenda","description":"Venha aprender a transformar batatas em estrelas na sua cozinha. Ser\u00e3o 6 preparos de pratos sensacionais utilizando a batata como a estrela.","robots":{"index":"index","follow":"follow","max-snippet":"max-snippet:-1","max-image-preview":"max-image-preview:large","max-video-preview":"max-video-preview:-1"},"canonical":"https:\/\/sucasagastronomia.com.br\/agenda\/produto\/batatas-2\/","og_locale":"pt_BR","og_type":"article","og_title":"Batatas - Sucasa Gatronomia | Escola de Gastronomia Sem Frescura | Agenda","og_description":"Venha aprender a transformar batatas em estrelas na sua cozinha. Ser\u00e3o 6 preparos de pratos sensacionais utilizando a batata como a estrela.","og_url":"https:\/\/sucasagastronomia.com.br\/agenda\/produto\/batatas-2\/","og_site_name":"Sucasa Gatronomia | Escola de Gastronomia Sem Frescura | Agenda","article_modified_time":"2026-04-16T16:24:08+00:00","og_image":[{"width":960,"height":540,"url":"https:\/\/sucasagastronomia.com.br\/agenda\/wp-content\/uploads\/2021\/07\/FB_IMG_1570653715162.jpg","type":"image\/jpeg"}],"twitter_card":"summary_large_image","twitter_misc":{"Est. tempo de leitura":"1 minuto"},"schema":{"@context":"https:\/\/schema.org","@graph":[{"@type":"WebPage","@id":"https:\/\/sucasagastronomia.com.br\/agenda\/produto\/batatas-2\/","url":"https:\/\/sucasagastronomia.com.br\/agenda\/produto\/batatas-2\/","name":"Batatas - Sucasa Gatronomia | Escola de Gastronomia Sem Frescura | Agenda","isPartOf":{"@id":"https:\/\/sucasagastronomia.com.br\/agenda\/#website"},"primaryImageOfPage":{"@id":"https:\/\/sucasagastronomia.com.br\/agenda\/produto\/batatas-2\/#primaryimage"},"image":{"@id":"https:\/\/sucasagastronomia.com.br\/agenda\/produto\/batatas-2\/#primaryimage"},"thumbnailUrl":"https:\/\/sucasagastronomia.com.br\/agenda\/wp-content\/uploads\/2021\/07\/FB_IMG_1570653715162.jpg","datePublished":"2025-04-15T19:33:27+00:00","dateModified":"2026-04-16T16:24:08+00:00","description":"Venha aprender a transformar batatas em estrelas na sua cozinha. Ser\u00e3o 6 preparos de pratos sensacionais utilizando a batata como a estrela.","breadcrumb":{"@id":"https:\/\/sucasagastronomia.com.br\/agenda\/produto\/batatas-2\/#breadcrumb"},"inLanguage":"pt-BR","potentialAction":[{"@type":"ReadAction","target":["https:\/\/sucasagastronomia.com.br\/agenda\/produto\/batatas-2\/"]}]},{"@type":"ImageObject","inLanguage":"pt-BR","@id":"https:\/\/sucasagastronomia.com.br\/agenda\/produto\/batatas-2\/#primaryimage","url":"https:\/\/sucasagastronomia.com.br\/agenda\/wp-content\/uploads\/2021\/07\/FB_IMG_1570653715162.jpg","contentUrl":"https:\/\/sucasagastronomia.com.br\/agenda\/wp-content\/uploads\/2021\/07\/FB_IMG_1570653715162.jpg","width":960,"height":540},{"@type":"BreadcrumbList","@id":"https:\/\/sucasagastronomia.com.br\/agenda\/produto\/batatas-2\/#breadcrumb","itemListElement":[{"@type":"ListItem","position":1,"name":"In\u00edcio","item":"https:\/\/sucasagastronomia.com.br\/agenda\/"},{"@type":"ListItem","position":2,"name":"Loja","item":"https:\/\/sucasagastronomia.com.br\/agenda\/loja\/"},{"@type":"ListItem","position":3,"name":"Batatas"}]},{"@type":"WebSite","@id":"https:\/\/sucasagastronomia.com.br\/agenda\/#website","url":"https:\/\/sucasagastronomia.com.br\/agenda\/","name":"Sucasa Gatronomia | Escola de Gastronomia Sem Frescura | Agenda","description":"Gastronomia","publisher":{"@id":"https:\/\/sucasagastronomia.com.br\/agenda\/#organization"},"potentialAction":[{"@type":"SearchAction","target":{"@type":"EntryPoint","urlTemplate":"https:\/\/sucasagastronomia.com.br\/agenda\/?s={search_term_string}"},"query-input":{"@type":"PropertyValueSpecification","valueRequired":true,"valueName":"search_term_string"}}],"inLanguage":"pt-BR"},{"@type":"Organization","@id":"https:\/\/sucasagastronomia.com.br\/agenda\/#organization","name":"Sucasa Gatronomia | Escola de Gastronomia Sem Frescura | Agenda","url":"https:\/\/sucasagastronomia.com.br\/agenda\/","logo":{"@type":"ImageObject","inLanguage":"pt-BR","@id":"https:\/\/sucasagastronomia.com.br\/agenda\/#\/schema\/logo\/image\/","url":"https:\/\/sucasagastronomia.com.br\/agenda\/wp-content\/uploads\/2021\/07\/logo-sucasa.jpg","contentUrl":"https:\/\/sucasagastronomia.com.br\/agenda\/wp-content\/uploads\/2021\/07\/logo-sucasa.jpg","width":417,"height":417,"caption":"Sucasa Gatronomia | Escola de Gastronomia Sem Frescura | Agenda"},"image":{"@id":"https:\/\/sucasagastronomia.com.br\/agenda\/#\/schema\/logo\/image\/"}}]}},"_links":{"self":[{"href":"https:\/\/sucasagastronomia.com.br\/agenda\/wp-json\/wp\/v2\/product\/1489","targetHints":{"allow":["GET"]}}],"collection":[{"href":"https:\/\/sucasagastronomia.com.br\/agenda\/wp-json\/wp\/v2\/product"}],"about":[{"href":"https:\/\/sucasagastronomia.com.br\/agenda\/wp-json\/wp\/v2\/types\/product"}],"replies":[{"embeddable":true,"href":"https:\/\/sucasagastronomia.com.br\/agenda\/wp-json\/wp\/v2\/comments?post=1489"}],"wp:featuredmedia":[{"embeddable":true,"href":"https:\/\/sucasagastronomia.com.br\/agenda\/wp-json\/wp\/v2\/media\/196"}],"wp:attachment":[{"href":"https:\/\/sucasagastronomia.com.br\/agenda\/wp-json\/wp\/v2\/media?parent=1489"}],"wp:term":[{"taxonomy":"product_cat","embeddable":true,"href":"https:\/\/sucasagastronomia.com.br\/agenda\/wp-json\/wp\/v2\/product_cat?post=1489"},{"taxonomy":"product_tag","embeddable":true,"href":"https:\/\/sucasagastronomia.com.br\/agenda\/wp-json\/wp\/v2\/product_tag?post=1489"}],"curies":[{"name":"wp","href":"https:\/\/api.w.org\/{rel}","templated":true}]}}