{"id":1494,"date":"2025-04-22T11:34:59","date_gmt":"2025-04-22T14:34:59","guid":{"rendered":"https:\/\/sucasagastronomia.com.br\/agenda\/?post_type=product&#038;p=1494"},"modified":"2026-04-16T13:22:04","modified_gmt":"2026-04-16T16:22:04","slug":"intensivo-de-maio","status":"publish","type":"product","link":"https:\/\/sucasagastronomia.com.br\/agenda\/produto\/intensivo-de-maio\/","title":{"rendered":"Intensivo de Maio"},"content":{"rendered":"","protected":false},"excerpt":{"rendered":"<p>INTENSIVO DE MAIO<\/p>\n<p>J\u00c1 CHEGAMOS EM MAIO E VOC\u00ca AINDA N\u00c3O CUMPRIU AQUELE PROMESSA DE VIRAR O COZINHEIRO DO ROL\u00ca EM 2026? QUE TAL APRENDER DE UMA VEZ A COZINHAR DE VERDADE E DEIXAR A SUA FAMILIA E AMIGOS IMPRESSIONADOS E FELIZES?<\/p>\n<p>O Intensivo \u00e9 um pacote de 5 m\u00f3dulos que te deixar\u00e3o apto a encarar grandes desafios na cozinha, n\u00e3o importando se voc\u00ea nunca cozinhou ou se j\u00e1 tem certa intimidade com as panelas. S\u00e3o 18h\/aula no total abrangendo bases e t\u00e9cnicas profissionais pra voc\u00ea transportar pra sua casa. Voc\u00ea vai aprender desde afiar uma faca, corte de vegetais, tipos de cozimento, dicas de conserva\u00e7\u00e3o, at\u00e9 limpar uma pe\u00e7a inteira de filet mignon e fazer um medalh\u00e3o no ponto perfeito, como nos melhores restaurantes\u2026 tudo isso passando por v\u00e1rios pratos tendo a batata como astro.<\/p>\n<p>Ainda neste intensivo, todos sair\u00e3o daqui dominando a arte dos risotos e de v\u00e1rios molhos cl\u00e1ssicos ou modernos. Finalizaremos o Intensivo com um m\u00f3dulo sensacional de preparos de v\u00f3&#8230;comidas de fam\u00edlia, com receitas especiais e de alt\u00edssimo n\u00edvel. Depois deste intensivo, voc\u00ea dominar\u00e1 as bases de cozinha para fazer desde o trivial at\u00e9 coisas bastante elaboradas, com repert\u00f3rio combinado de mais de 100 possibilidades de pratos. Sempre na pegada Su Casa: sem frescura, se divertindo e colocando a m\u00e3o na massa.<\/p>\n<p>E o melhor\u2026 ao se matricular no intensivo, voc\u00ea ganha um belo desconto\u2026<\/p>\n<p>De <del><span style=\"color: #ff0000;\">R$1250,00<\/span><\/del> por <span style=\"color: #339966;\">R$999,00<\/span><\/p>\n<hr \/>\n<p>Datas dos m\u00f3dulos:<\/p>\n<p>05\/05 &#8211; Me Salve 19h &#8211; T\u00e9cnicas de cozimento, cortes de vegetais, ponto perfeito da carne e muito mais<\/p>\n<p>12\/05 &#8211; Batatas 19h &#8211; Batata Gratin, Baked Potato, Batatas aos Murros, o melhor Pur\u00ea da sua vida e muito mais<\/p>\n<p>19\/05- Risotos 19h &#8211; Bases para o Risoto perfeito e vamos exemplificar com Gorgonzola e Pera, Duplo Funghi e muito mais<\/p>\n<p>26\/05 &#8211; Molhos 19h &#8211; Vamos aprender 6 molhos incr\u00edveis que combinam com v\u00e1rios preparos<\/p>\n<hr \/>\n<p>02\/06 &#8211; Cl\u00e1ssicos de Domingo 19h &#8211; Aqueles pratos incr\u00edveis de V\u00f3&#8230;Carne de Panela ao Vinho Tinto, Strogonoff Original com Cogumelos Frescos e muito mais<\/p>\n","protected":false},"featured_media":63,"comment_status":"closed","ping_status":"closed","template":"","meta":[],"product_cat":[15],"product_tag":[24,17],"class_list":{"0":"post-1494","1":"product","2":"type-product","3":"status-publish","4":"has-post-thumbnail","6":"product_cat-sem-categoria","7":"product_tag-cozinhabasica","8":"product_tag-modulo","10":"first","11":"instock","12":"downloadable","13":"virtual","14":"purchasable","15":"product-type-simple"},"yoast_head":"<!-- This site is optimized with the Yoast SEO plugin v23.9 - https:\/\/yoast.com\/wordpress\/plugins\/seo\/ -->\n<title>Intensivo de Maio - Sucasa Gatronomia | Escola de Gastronomia Sem Frescura | Agenda<\/title>\n<meta name=\"description\" content=\"Com o intensivo de cozinha b\u00e1sica da Su Casa, em 5 encontros, voc\u00ea vai sair do zero e se transformar no Chef da sua casa.\" \/>\n<meta name=\"robots\" content=\"index, follow, max-snippet:-1, max-image-preview:large, max-video-preview:-1\" \/>\n<link rel=\"canonical\" href=\"https:\/\/sucasagastronomia.com.br\/agenda\/produto\/intensivo-de-maio\/\" \/>\n<meta property=\"og:locale\" content=\"pt_BR\" \/>\n<meta property=\"og:type\" content=\"article\" \/>\n<meta property=\"og:title\" content=\"Intensivo de Maio - Sucasa Gatronomia | Escola de Gastronomia Sem Frescura | Agenda\" \/>\n<meta property=\"og:description\" content=\"Com o intensivo de cozinha b\u00e1sica da Su Casa, em 5 encontros, voc\u00ea vai sair do zero e se transformar no Chef da sua casa.\" \/>\n<meta property=\"og:url\" content=\"https:\/\/sucasagastronomia.com.br\/agenda\/produto\/intensivo-de-maio\/\" \/>\n<meta property=\"og:site_name\" content=\"Sucasa Gatronomia | Escola de Gastronomia Sem Frescura | Agenda\" \/>\n<meta property=\"article:modified_time\" content=\"2026-04-16T16:22:04+00:00\" \/>\n<meta property=\"og:image\" content=\"https:\/\/sucasagastronomia.com.br\/agenda\/wp-content\/uploads\/2021\/07\/Intensivo_02-1024x1024-1.jpg\" \/>\n\t<meta property=\"og:image:width\" content=\"1024\" \/>\n\t<meta property=\"og:image:height\" content=\"1024\" \/>\n\t<meta property=\"og:image:type\" content=\"image\/jpeg\" \/>\n<meta name=\"twitter:card\" content=\"summary_large_image\" \/>\n<meta name=\"twitter:label1\" content=\"Est. tempo de leitura\" \/>\n\t<meta name=\"twitter:data1\" content=\"1 minuto\" \/>\n<script type=\"application\/ld+json\" class=\"yoast-schema-graph\">{\"@context\":\"https:\/\/schema.org\",\"@graph\":[{\"@type\":\"WebPage\",\"@id\":\"https:\/\/sucasagastronomia.com.br\/agenda\/produto\/intensivo-de-maio\/\",\"url\":\"https:\/\/sucasagastronomia.com.br\/agenda\/produto\/intensivo-de-maio\/\",\"name\":\"Intensivo de Maio - Sucasa Gatronomia | Escola de Gastronomia Sem Frescura | Agenda\",\"isPartOf\":{\"@id\":\"https:\/\/sucasagastronomia.com.br\/agenda\/#website\"},\"primaryImageOfPage\":{\"@id\":\"https:\/\/sucasagastronomia.com.br\/agenda\/produto\/intensivo-de-maio\/#primaryimage\"},\"image\":{\"@id\":\"https:\/\/sucasagastronomia.com.br\/agenda\/produto\/intensivo-de-maio\/#primaryimage\"},\"thumbnailUrl\":\"https:\/\/sucasagastronomia.com.br\/agenda\/wp-content\/uploads\/2021\/07\/Intensivo_02-1024x1024-1.jpg\",\"datePublished\":\"2025-04-22T14:34:59+00:00\",\"dateModified\":\"2026-04-16T16:22:04+00:00\",\"description\":\"Com o intensivo de cozinha b\u00e1sica da Su Casa, em 5 encontros, voc\u00ea vai sair do zero e se transformar no Chef da sua casa.\",\"breadcrumb\":{\"@id\":\"https:\/\/sucasagastronomia.com.br\/agenda\/produto\/intensivo-de-maio\/#breadcrumb\"},\"inLanguage\":\"pt-BR\",\"potentialAction\":[{\"@type\":\"ReadAction\",\"target\":[\"https:\/\/sucasagastronomia.com.br\/agenda\/produto\/intensivo-de-maio\/\"]}]},{\"@type\":\"ImageObject\",\"inLanguage\":\"pt-BR\",\"@id\":\"https:\/\/sucasagastronomia.com.br\/agenda\/produto\/intensivo-de-maio\/#primaryimage\",\"url\":\"https:\/\/sucasagastronomia.com.br\/agenda\/wp-content\/uploads\/2021\/07\/Intensivo_02-1024x1024-1.jpg\",\"contentUrl\":\"https:\/\/sucasagastronomia.com.br\/agenda\/wp-content\/uploads\/2021\/07\/Intensivo_02-1024x1024-1.jpg\",\"width\":1024,\"height\":1024},{\"@type\":\"BreadcrumbList\",\"@id\":\"https:\/\/sucasagastronomia.com.br\/agenda\/produto\/intensivo-de-maio\/#breadcrumb\",\"itemListElement\":[{\"@type\":\"ListItem\",\"position\":1,\"name\":\"In\u00edcio\",\"item\":\"https:\/\/sucasagastronomia.com.br\/agenda\/\"},{\"@type\":\"ListItem\",\"position\":2,\"name\":\"Loja\",\"item\":\"https:\/\/sucasagastronomia.com.br\/agenda\/loja\/\"},{\"@type\":\"ListItem\",\"position\":3,\"name\":\"Intensivo de Maio\"}]},{\"@type\":\"WebSite\",\"@id\":\"https:\/\/sucasagastronomia.com.br\/agenda\/#website\",\"url\":\"https:\/\/sucasagastronomia.com.br\/agenda\/\",\"name\":\"Sucasa Gatronomia | Escola de Gastronomia Sem Frescura | Agenda\",\"description\":\"Gastronomia\",\"publisher\":{\"@id\":\"https:\/\/sucasagastronomia.com.br\/agenda\/#organization\"},\"potentialAction\":[{\"@type\":\"SearchAction\",\"target\":{\"@type\":\"EntryPoint\",\"urlTemplate\":\"https:\/\/sucasagastronomia.com.br\/agenda\/?s={search_term_string}\"},\"query-input\":{\"@type\":\"PropertyValueSpecification\",\"valueRequired\":true,\"valueName\":\"search_term_string\"}}],\"inLanguage\":\"pt-BR\"},{\"@type\":\"Organization\",\"@id\":\"https:\/\/sucasagastronomia.com.br\/agenda\/#organization\",\"name\":\"Sucasa Gatronomia | Escola de Gastronomia Sem Frescura | Agenda\",\"url\":\"https:\/\/sucasagastronomia.com.br\/agenda\/\",\"logo\":{\"@type\":\"ImageObject\",\"inLanguage\":\"pt-BR\",\"@id\":\"https:\/\/sucasagastronomia.com.br\/agenda\/#\/schema\/logo\/image\/\",\"url\":\"https:\/\/sucasagastronomia.com.br\/agenda\/wp-content\/uploads\/2021\/07\/logo-sucasa.jpg\",\"contentUrl\":\"https:\/\/sucasagastronomia.com.br\/agenda\/wp-content\/uploads\/2021\/07\/logo-sucasa.jpg\",\"width\":417,\"height\":417,\"caption\":\"Sucasa Gatronomia | Escola de Gastronomia Sem Frescura | Agenda\"},\"image\":{\"@id\":\"https:\/\/sucasagastronomia.com.br\/agenda\/#\/schema\/logo\/image\/\"}}]}<\/script>\n<!-- \/ Yoast SEO plugin. -->","yoast_head_json":{"title":"Intensivo de Maio - Sucasa Gatronomia | Escola de Gastronomia Sem Frescura | Agenda","description":"Com o intensivo de cozinha b\u00e1sica da Su Casa, em 5 encontros, voc\u00ea vai sair do zero e se transformar no Chef da sua casa.","robots":{"index":"index","follow":"follow","max-snippet":"max-snippet:-1","max-image-preview":"max-image-preview:large","max-video-preview":"max-video-preview:-1"},"canonical":"https:\/\/sucasagastronomia.com.br\/agenda\/produto\/intensivo-de-maio\/","og_locale":"pt_BR","og_type":"article","og_title":"Intensivo de Maio - Sucasa Gatronomia | Escola de Gastronomia Sem Frescura | Agenda","og_description":"Com o intensivo de cozinha b\u00e1sica da Su Casa, em 5 encontros, voc\u00ea vai sair do zero e se transformar no Chef da sua casa.","og_url":"https:\/\/sucasagastronomia.com.br\/agenda\/produto\/intensivo-de-maio\/","og_site_name":"Sucasa Gatronomia | Escola de Gastronomia Sem Frescura | Agenda","article_modified_time":"2026-04-16T16:22:04+00:00","og_image":[{"width":1024,"height":1024,"url":"https:\/\/sucasagastronomia.com.br\/agenda\/wp-content\/uploads\/2021\/07\/Intensivo_02-1024x1024-1.jpg","type":"image\/jpeg"}],"twitter_card":"summary_large_image","twitter_misc":{"Est. tempo de leitura":"1 minuto"},"schema":{"@context":"https:\/\/schema.org","@graph":[{"@type":"WebPage","@id":"https:\/\/sucasagastronomia.com.br\/agenda\/produto\/intensivo-de-maio\/","url":"https:\/\/sucasagastronomia.com.br\/agenda\/produto\/intensivo-de-maio\/","name":"Intensivo de Maio - Sucasa Gatronomia | Escola de Gastronomia Sem Frescura | Agenda","isPartOf":{"@id":"https:\/\/sucasagastronomia.com.br\/agenda\/#website"},"primaryImageOfPage":{"@id":"https:\/\/sucasagastronomia.com.br\/agenda\/produto\/intensivo-de-maio\/#primaryimage"},"image":{"@id":"https:\/\/sucasagastronomia.com.br\/agenda\/produto\/intensivo-de-maio\/#primaryimage"},"thumbnailUrl":"https:\/\/sucasagastronomia.com.br\/agenda\/wp-content\/uploads\/2021\/07\/Intensivo_02-1024x1024-1.jpg","datePublished":"2025-04-22T14:34:59+00:00","dateModified":"2026-04-16T16:22:04+00:00","description":"Com o intensivo de cozinha b\u00e1sica da Su Casa, em 5 encontros, voc\u00ea vai sair do zero e se transformar no Chef da sua casa.","breadcrumb":{"@id":"https:\/\/sucasagastronomia.com.br\/agenda\/produto\/intensivo-de-maio\/#breadcrumb"},"inLanguage":"pt-BR","potentialAction":[{"@type":"ReadAction","target":["https:\/\/sucasagastronomia.com.br\/agenda\/produto\/intensivo-de-maio\/"]}]},{"@type":"ImageObject","inLanguage":"pt-BR","@id":"https:\/\/sucasagastronomia.com.br\/agenda\/produto\/intensivo-de-maio\/#primaryimage","url":"https:\/\/sucasagastronomia.com.br\/agenda\/wp-content\/uploads\/2021\/07\/Intensivo_02-1024x1024-1.jpg","contentUrl":"https:\/\/sucasagastronomia.com.br\/agenda\/wp-content\/uploads\/2021\/07\/Intensivo_02-1024x1024-1.jpg","width":1024,"height":1024},{"@type":"BreadcrumbList","@id":"https:\/\/sucasagastronomia.com.br\/agenda\/produto\/intensivo-de-maio\/#breadcrumb","itemListElement":[{"@type":"ListItem","position":1,"name":"In\u00edcio","item":"https:\/\/sucasagastronomia.com.br\/agenda\/"},{"@type":"ListItem","position":2,"name":"Loja","item":"https:\/\/sucasagastronomia.com.br\/agenda\/loja\/"},{"@type":"ListItem","position":3,"name":"Intensivo de Maio"}]},{"@type":"WebSite","@id":"https:\/\/sucasagastronomia.com.br\/agenda\/#website","url":"https:\/\/sucasagastronomia.com.br\/agenda\/","name":"Sucasa Gatronomia | Escola de Gastronomia Sem Frescura | Agenda","description":"Gastronomia","publisher":{"@id":"https:\/\/sucasagastronomia.com.br\/agenda\/#organization"},"potentialAction":[{"@type":"SearchAction","target":{"@type":"EntryPoint","urlTemplate":"https:\/\/sucasagastronomia.com.br\/agenda\/?s={search_term_string}"},"query-input":{"@type":"PropertyValueSpecification","valueRequired":true,"valueName":"search_term_string"}}],"inLanguage":"pt-BR"},{"@type":"Organization","@id":"https:\/\/sucasagastronomia.com.br\/agenda\/#organization","name":"Sucasa Gatronomia | Escola de Gastronomia Sem Frescura | Agenda","url":"https:\/\/sucasagastronomia.com.br\/agenda\/","logo":{"@type":"ImageObject","inLanguage":"pt-BR","@id":"https:\/\/sucasagastronomia.com.br\/agenda\/#\/schema\/logo\/image\/","url":"https:\/\/sucasagastronomia.com.br\/agenda\/wp-content\/uploads\/2021\/07\/logo-sucasa.jpg","contentUrl":"https:\/\/sucasagastronomia.com.br\/agenda\/wp-content\/uploads\/2021\/07\/logo-sucasa.jpg","width":417,"height":417,"caption":"Sucasa Gatronomia | Escola de Gastronomia Sem Frescura | Agenda"},"image":{"@id":"https:\/\/sucasagastronomia.com.br\/agenda\/#\/schema\/logo\/image\/"}}]}},"_links":{"self":[{"href":"https:\/\/sucasagastronomia.com.br\/agenda\/wp-json\/wp\/v2\/product\/1494","targetHints":{"allow":["GET"]}}],"collection":[{"href":"https:\/\/sucasagastronomia.com.br\/agenda\/wp-json\/wp\/v2\/product"}],"about":[{"href":"https:\/\/sucasagastronomia.com.br\/agenda\/wp-json\/wp\/v2\/types\/product"}],"replies":[{"embeddable":true,"href":"https:\/\/sucasagastronomia.com.br\/agenda\/wp-json\/wp\/v2\/comments?post=1494"}],"wp:featuredmedia":[{"embeddable":true,"href":"https:\/\/sucasagastronomia.com.br\/agenda\/wp-json\/wp\/v2\/media\/63"}],"wp:attachment":[{"href":"https:\/\/sucasagastronomia.com.br\/agenda\/wp-json\/wp\/v2\/media?parent=1494"}],"wp:term":[{"taxonomy":"product_cat","embeddable":true,"href":"https:\/\/sucasagastronomia.com.br\/agenda\/wp-json\/wp\/v2\/product_cat?post=1494"},{"taxonomy":"product_tag","embeddable":true,"href":"https:\/\/sucasagastronomia.com.br\/agenda\/wp-json\/wp\/v2\/product_tag?post=1494"}],"curies":[{"name":"wp","href":"https:\/\/api.w.org\/{rel}","templated":true}]}}